{"id":96,"date":"2020-10-26T09:01:58","date_gmt":"2020-10-26T09:01:58","guid":{"rendered":"http:\/\/www.mamo.com.tr\/?page_id=96"},"modified":"2021-09-27T18:44:52","modified_gmt":"2021-09-27T18:44:52","slug":"uluslararasi-yayinlar","status":"publish","type":"page","link":"https:\/\/www.mamo.com.tr\/index.php\/uluslararasi-yayinlar\/","title":{"rendered":"Uluslararas\u0131 Yay\u0131nlar"},"content":{"rendered":"<ol>\n<li style=\"text-align: justify;\"><span style=\"color: #000000;\"><strong>G\u00fcnhan\u2013Bilgen I.<\/strong> Breast imaging before and after breast conserving therapy. <em>Turkish Clinics J Radiol- Special Topics<\/em> 2017;10(3):285-92<\/span><\/li>\n<li style=\"text-align: justify;\"><span style=\"color: #000000;\"><strong>G\u00fcnhan\u2013Bilgen I.<\/strong> Radiological-pathological correlation in imaging guided breast biopsies. <em>Turkish Clinics J Med Pathol- Special Topics<\/em> 2016;1(3):1-4<\/span><\/li>\n<li style=\"text-align: justify;\"><span style=\"color: #000000;\">Sara\u00e7 FZ, <strong style=\"font-size: inherit;\">G\u00fcnhan-Bilgen I<\/strong><span style=\"font-size: inherit;\">. Association between insulin resistance and breast parenchyma in women with polycystic ovary Syndrome. <\/span><em style=\"font-size: inherit;\">Turkish Journal of Endocrinology and Metabolism <\/em><span style=\"font-size: inherit;\">\u00a02012;16(1):1-5<\/span><\/span><\/li>\n<li style=\"text-align: justify;\"><span style=\"color: #000000;\"><strong style=\"font-size: inherit;\">G\u00fcnhan-Bilgen I<\/strong><span style=\"font-size: inherit;\">. Latest advances in breast sonography. <\/span><em style=\"font-size: inherit;\">Recent Patents on Medical Imaging (RPTMI)<\/em><span style=\"font-size: inherit;\"> 2012;2(2)<\/span><\/span><\/li>\n<li style=\"text-align: justify;\"><span style=\"color: #000000;\">Duygulu G, Oktay A, <strong style=\"font-size: inherit;\">G\u00fcnhan-<\/strong><strong style=\"font-size: inherit;\">Bilgen I<\/strong><span style=\"font-size: inherit;\">, Kapka\u00e7 M, Zekio\u011flu O. The role of breast MRI in planning the surgical treatment of breast cancer. <\/span><em style=\"font-size: inherit;\">Diagn Interv Radiol<\/em><span style=\"font-size: inherit;\"> 2012;18(5):460-467<\/span><\/span><\/li>\n<li style=\"text-align: justify;\"><span style=\"color: #000000;\">Demirpolat G, Oktay A, <strong style=\"font-size: inherit;\">G\u00fcnhan-<\/strong><strong style=\"font-size: inherit;\">Bilgen I,<\/strong><span style=\"font-size: inherit;\"> Isayev H. Mammographic features of the sternalis muscle<\/span><em style=\"font-size: inherit;\"> Diagn Interv Radiol<\/em><span style=\"font-size: inherit;\">. 2010;16(4):276-8<\/span><\/span><\/li>\n<li style=\"text-align: justify;\"><span style=\"color: #000000;\">Ad\u0131belli ZH, \u00d6ztekin \u00d6,<strong style=\"font-size: inherit;\"> G\u00fcnhan-Bilgen I<\/strong><span style=\"font-size: inherit;\">, Postac\u0131 H, Uslu A, Ilhan E. \u201cImaging characteristics of male breast disease\u201d. <\/span><em style=\"font-size: inherit;\">The Breast Journal <\/em><span style=\"font-size: inherit;\">2010;16(5):510-8<\/span><\/span><\/li>\n<li style=\"text-align: justify;\"><span style=\"color: #000000;\">Sara\u00e7 F, T\u00fct\u00fcnc\u00fco\u011flu P, \u00d6zgen AG, Sayg\u0131l\u0131 F, Y\u0131lmaz C, <strong style=\"font-size: inherit;\">G\u00fcnhan-<\/strong><strong style=\"font-size: inherit;\">Bilgen I<\/strong><span style=\"font-size: inherit;\">, Memi\u015f A. \u201cProlactin levels and examination with breast ultrasound or mammography\u201d. <\/span><em style=\"font-size: inherit;\">Advance in Therapy, <\/em><span style=\"font-size: inherit;\">2008;25(1):59-66<\/span><\/span><\/li>\n<li style=\"text-align: justify;\"><span style=\"color: #000000;\">Akbulut M, <strong style=\"font-size: inherit;\">Gunhan-Bilgen I<\/strong><span style=\"font-size: inherit;\">, Zekioglu O, Duygulu G, Oktay A, Ozdemir N. Fine needle aspiration cytology of inflammatory myofibroblastic tumour (inflammatory pseudotumour) of the breast: a case report and review of the literature. <\/span><em style=\"font-size: inherit;\">Cytopathology, <\/em><span style=\"font-size: inherit;\">2007;18(6):384-7\u00a0<\/span><\/span><\/li>\n<li style=\"text-align: justify;\"><span style=\"color: #000000;\"><strong>G\u00fcnhan-Bilgen I<\/strong>, Oktay A. \u201cMammographic features of local recurrence after conservative surgery and radiation therapy: Comparison with that of the primary tumor\u201d. <em>Acta Radiologica<\/em>, 2007;48(4):390-7<\/span><\/li>\n<li style=\"text-align: justify;\"><span style=\"color: #000000;\"><strong style=\"font-size: inherit;\">G\u00fcnhan-Bilgen I<\/strong><span style=\"font-size: inherit;\">, Oktay A.\u201cTubular carcinoma of the breast: Mammographic, sonographic, clinical and pathologic findings\u201d. <\/span><em style=\"font-size: inherit;\">European Journal of Radiology<\/em><span style=\"font-size: inherit;\">, 2007;61(1):158-162<\/span><\/span><\/li>\n<li style=\"text-align: justify;\"><span style=\"color: #000000;\"><strong style=\"font-size: inherit;\">G\u00fcnhan-Bilgen I<\/strong><span style=\"font-size: inherit;\">, Oktay A.\u201cManagement of microcalcifications developing at the lumpectomy bed after conservative surgery and radiation therapy\u201d. <\/span><em style=\"font-size: inherit;\">AJR<\/em> <em style=\"font-size: inherit;\">American Journal of Roentgenology<\/em><span style=\"font-size: inherit;\"> , 2007;188(2):393-8<\/span><\/span><\/li>\n<li style=\"text-align: justify;\"><span style=\"color: #000000;\"><strong style=\"font-size: inherit;\">G\u00fcnhan-Bilgen I<\/strong><span style=\"font-size: inherit;\">, Oktay A.\u201cTubulolobular carcinoma of the breast: Clinical, mammographic and sonographic findings\u201d. <\/span><em style=\"font-size: inherit;\">European Journal of Radiology<\/em><span style=\"font-size: inherit;\">, 2006;60(3):418-24<\/span><\/span><\/li>\n<li style=\"text-align: justify;\"><span style=\"color: #000000;\"><strong style=\"font-size: inherit;\">G\u00fcnhan-Bilgen I<\/strong><span style=\"font-size: inherit;\">, Oktay A.\u201cPaget\u2019s disease of the breast: Clinical, mammographic, sonographic and pathologic findings in 52 cases\u201d. <\/span><em style=\"font-size: inherit;\">European Journal of Radiology<\/em><span style=\"font-size: inherit;\">, 2006;60(2):256-63<\/span><\/span><\/li>\n<li style=\"text-align: justify;\"><span style=\"color: #000000;\">Cirpan T, Akercan F, Itil IM, Gundem G, <strong style=\"font-size: inherit;\">G\u00fcnhan-<\/strong><strong style=\"font-size: inherit;\">Bilgen I<\/strong><span style=\"font-size: inherit;\">, Y\u00fccebilgin MS. \u201cDoes raloxifene therapy affect mammographic breast cancer screening in postmenopausal patients?\u201d. <\/span><em style=\"font-size: inherit;\">European Journal of Gynaecological Oncology<\/em><span style=\"font-size: inherit;\">, 2006;27(2):177-8<\/span><\/span><\/li>\n<li style=\"text-align: justify;\"><span style=\"color: #000000;\">Demirpolat G, Sava\u015f R, Totan S, <strong style=\"font-size: inherit;\">G\u00fcnhan-<\/strong><strong style=\"font-size: inherit;\">Bilgen I<\/strong><span style=\"font-size: inherit;\">, Kirazli T, Alper H. \u2018\u2019Temporal bone CT and MRI in cochlear implant candidates.\u2019\u2019 <\/span><em style=\"font-size: inherit;\">Diagn Interv Radiol <\/em><span style=\"font-size: inherit;\">2003;9(1):41-46<\/span><\/span><\/li>\n<li style=\"text-align: justify;\"><span style=\"color: #000000;\"><strong style=\"font-size: inherit;\">G\u00fcnhan-Bilgen I<\/strong><span style=\"font-size: inherit;\">, Altunel E, \u00dcst\u00fcn EE, Memi\u015f A. \u201cMondor\u2019s disease of the breast: case report.\u201d <\/span><em style=\"font-size: inherit;\">European Journal of Radiology<\/em><span style=\"font-size: inherit;\"> .<\/span><\/span><\/li>\n<li style=\"text-align: justify;\"><span style=\"color: #000000;\"><strong style=\"font-size: inherit;\">G\u00fcnhan-Bilgen I<\/strong><span style=\"font-size: inherit;\">, Zekio\u011flu O, \u00dcst\u00fcn EE, Memi\u015f A, Erhan Y. \u201cNeuroendocrine differentiated breast carcinoma: imaging features correlated with clinical and histopathological findings.\u201d <\/span><em style=\"font-size: inherit;\">European Radiology<\/em><span style=\"font-size: inherit;\">, 2003;13:788-793<\/span><\/span><\/li>\n<li style=\"text-align: justify;\"><span style=\"color: #000000;\">Memi\u015f A, <strong style=\"font-size: inherit;\">G\u00fcnhan-<\/strong><strong style=\"font-size: inherit;\">Bilgen I<\/strong><span style=\"font-size: inherit;\">, \u00dcst\u00fcn EE, \u00d6zdemir N, Erhan Y, Kapka\u00e7 M. \u201cGranulomatous mastitis: imaging findings with histopathologic correlation.\u201d <\/span><em style=\"font-size: inherit;\">Clinical Radiology, <\/em><span style=\"font-size: inherit;\">2002;57:1001-1006<\/span><\/span><\/li>\n<li style=\"text-align: justify;\"><span style=\"color: #000000;\"><strong style=\"font-size: inherit;\">G\u00fcnhan-Bilgen I<\/strong><span style=\"font-size: inherit;\">, Zekio\u011flu O, \u00dcst\u00fcn E.E, Memi\u015f A, Erhan Y. \u201cInvasive micropapillary carcinoma of the breast: clinical, mammographic and sonographic findings with histopathologic correlation.\u201d <\/span><em style=\"font-size: inherit;\">American Journal of Roentgenology<\/em><em style=\"font-size: inherit;\"> AJR<\/em><span style=\"font-size: inherit;\">, 2002;179:927-931<\/span><\/span><\/li>\n<li style=\"text-align: justify;\"><span style=\"color: #000000;\"><strong style=\"font-size: inherit;\">G\u00fcnhan-Bilgen I<\/strong><span style=\"font-size: inherit;\">, Memi\u015f A, \u00dcst\u00fcn E.E, \u00d6zdemir N, Erhan Y. \u201cSclerosing adenosis: mammographic and ultrasonographic findings with clinical and histopathological correlation.\u201d <\/span><em style=\"font-size: inherit;\">European Journal of Radiology<\/em><span style=\"font-size: inherit;\">, 2002;44:232-238<\/span><\/span><\/li>\n<li style=\"text-align: justify;\"><span style=\"color: #000000;\"><strong style=\"font-size: inherit;\">G\u00fcnhan-Bilgen I<\/strong><span style=\"font-size: inherit;\">, Memi\u015f A, \u00dcst\u00fcn E.E, Zekio\u011flu O, \u00d6zdemir N. \u201cMetaplastic carcinoma of the breast: clinical, mammographic and sonographic findings with histopathological correlation.\u201d <\/span><em style=\"font-size: inherit;\">American Journal of Roentgenology AJR<\/em><span style=\"font-size: inherit;\">, 2002;178:1421-1425<\/span><\/span><\/li>\n<li style=\"text-align: justify;\"><span style=\"color: #000000;\"><strong style=\"font-size: inherit;\">G\u00fcnhan-Bilgen I, <\/strong><span style=\"font-size: inherit;\">\u00dcst\u00fcn E.E, Memi\u015f A. \u201cInflammatory breast carcinoma: mammographic, ultrasonographic, clinical and pathological findings in 142 cases.\u201d <\/span><em style=\"font-size: inherit;\">Radiology<\/em><span style=\"font-size: inherit;\"> , 2002;223:829-838<\/span><\/span><\/li>\n<li style=\"text-align: justify;\"><span style=\"color: #000000;\"><strong style=\"font-size: inherit;\">G\u00fcnhan-Bilgen I<\/strong><span style=\"font-size: inherit;\">, Bozkaya H, \u00dcst\u00fcn E.E, Memi\u015f A. \u201cMale breast disease: clinical, mammographic and ultrasonographic features.\u201d <\/span><em style=\"font-size: inherit;\">European Journal of Radiology<\/em><span style=\"font-size: inherit;\">, 2002;43:246-255<\/span><\/span><\/li>\n<li style=\"text-align: justify;\"><span style=\"color: #000000;\"><strong style=\"font-size: inherit;\">G\u00fcnhan-Bilgen I<\/strong><span style=\"font-size: inherit;\">, Memi\u015f A, \u00dcst\u00fcn E.E, \u00d6zdemir N. \u201cBreast metastasis from low grade endometrial stromal sarcoma after a 17-year period.\u201d <\/span><em style=\"font-size: inherit;\">European Radiology<\/em><span style=\"font-size: inherit;\">, 2002;12:3023-3025<\/span><\/span><\/li>\n<li style=\"text-align: justify;\"><span style=\"color: #000000;\"><strong style=\"font-size: inherit;\">G\u00fcnhan-Bilgen I, <\/strong><span style=\"font-size: inherit;\">Memi\u015f A, \u00dcst\u00fcn EE. \u201cRetrospective analysis of 550 nonpalpable breast lesions evaluated by mammographycally guided breast biopsy\u201d <\/span><em style=\"font-size: inherit;\">Diagn Interv Radiol <\/em><span style=\"font-size: inherit;\">2002;8:487-495<\/span><\/span><\/li>\n<li style=\"text-align: justify;\"><span style=\"color: #000000;\">\u015eenda\u011f F, Terek MC, \u00d6z\u015fener S, \u00d6ztekin K, Bilgin O, <strong style=\"font-size: inherit;\">G\u00fcnhan-<\/strong><strong style=\"font-size: inherit;\">Bilgen I, <\/strong><span style=\"font-size: inherit;\">Memi\u015f A. \u201cMammographic density changes during different postmenopausal hormone replacement therapies.\u201d <\/span><em style=\"font-size: inherit;\">Fertility and Sterility, <\/em><span style=\"font-size: inherit;\">2001;76(3):445-450<\/span><\/span><\/li>\n<li style=\"text-align: justify;\"><span style=\"color: #000000;\">Bilgen C, <strong style=\"font-size: inherit;\">G\u00fcnhan-Bilgen I<\/strong><span style=\"font-size: inherit;\">, \u015eener RN. \u201cOculopharyngeal muscular dystrophy: clinical and CT findings.\u201d <\/span><em style=\"font-size: inherit;\">Computerized Medical Imaging and Graphics, <\/em><span style=\"font-size: inherit;\">2001;25:527-529<\/span><\/span><\/li>\n<li style=\"text-align: justify;\"><span style=\"color: #000000;\"><strong style=\"font-size: inherit;\">G\u00fcnhan-Bilgen I<\/strong><span style=\"font-size: inherit;\">, Memi\u015f A, \u00dcst\u00fcn E.E. \u201cMetastatic intramammary lymph nodes: mammographic and ultrasonographic features.\u201d <\/span><em style=\"font-size: inherit;\">European Journal of Radiology, <\/em><span style=\"font-size: inherit;\">2001;40:24-29<\/span><\/span><\/li>\n<li style=\"text-align: justify;\"><span style=\"color: #000000;\"><strong style=\"font-size: inherit;\">G\u00fcnhan-Bilgen I<\/strong><span style=\"font-size: inherit;\">, Y\u00fcnten N, Demirta\u015f E, \u00c7al\u0131 S, Zileli M. \u201cHemangioblastoma causing cervical neural foraminal widening.\u201d <\/span><em style=\"font-size: inherit;\">Journal of Neuroradiology, <\/em><span style=\"font-size: inherit;\">2001;28:205-208<\/span><\/span><\/li>\n<li style=\"text-align: justify;\"><span style=\"color: #000000;\"><strong style=\"font-size: inherit;\">G\u00fcnhan-Bilgen I<\/strong><span style=\"font-size: inherit;\">, \u00dcst\u00fcn E.E., Memi\u015f A. \u201cFat necrosis of the breast: clinical, mamographic and sonographic feature.\u201d <\/span><em style=\"font-size: inherit;\">European Journal of Radiology<\/em><span style=\"font-size: inherit;\">, 2001;39:92-99<\/span><\/span><\/li>\n<li style=\"text-align: justify;\"><span style=\"color: #000000;\">Memi\u015f A, Arkun R, <strong style=\"font-size: inherit;\">G\u00fcnhan-<\/strong><strong style=\"font-size: inherit;\">Bilgen I<\/strong><span style=\"font-size: inherit;\">, \u00dcst\u00fcn E.E. \u201cPrimary soft tissue hydatid disease: report of two cases with MRI characteristics.\u201d <\/span><em style=\"font-size: inherit;\">European Radiology, <\/em><span style=\"font-size: inherit;\">1999;9(6):1101-1103<\/span><\/span><\/li>\n<li style=\"text-align: justify;\"><span style=\"color: #000000;\"><strong style=\"font-size: inherit;\">G\u00fcnhan-<\/strong><strong style=\"font-size: inherit;\">Bilgen I<\/strong><span style=\"font-size: inherit;\">, Y\u00fcnten N, \u00dcst\u00fcn E.E., Oksel F, G\u00fcm\u00fc\u015fdi\u015f G. \u201cAdhesive arachnoiditis causing cauda equina syndrome in ankylosing spondylitis: CT and MRI demonstration of dural calcification and a dorsal dural diverticulum.\u201d <\/span><em style=\"font-size: inherit;\">Neuroradiology, <\/em><span style=\"font-size: inherit;\">1999;41:508-511<\/span><\/span><\/li>\n<li style=\"text-align: justify;\"><span style=\"color: #000000;\"><span style=\"font-size: inherit;\">\u015eener RN, Tu\u011fran C, Oran \u0130, <\/span><strong style=\"font-size: inherit;\">G\u00fcnhan I.<\/strong><span style=\"font-size: inherit;\"> \u201cCT and MR demonstration of \u201cdiploic lipomatosis\u201d and comparison with craniocerebral hemiatrophy.\u201d <\/span><em style=\"font-size: inherit;\">Turkish Journal of Medical Sciences<\/em><span style=\"font-size: inherit;\">, 1997;27:85-88<\/span><\/span><\/li>\n<li style=\"text-align: justify;\"><span style=\"color: #000000;\">Killi R, <strong style=\"font-size: inherit;\">G\u00fcnhan I<\/strong><span style=\"font-size: inherit;\">, \u00d6z\u00fctemiz \u00d6, Elmas N. \u201cPoststenotic aneurysm of the paraumbilical collateral vein: Doppler sonographic findings.\u201d <\/span><em style=\"font-size: inherit;\">American Journal of Roentgenology,<\/em><span style=\"font-size: inherit;\"> 1997;168:571<\/span><\/span><\/li>\n<li style=\"text-align: justify;\"><span style=\"color: #000000;\">\u015eener RN, Alper H, <strong style=\"font-size: inherit;\">G\u00fcnhan I<\/strong><span style=\"font-size: inherit;\">,\u00a0 \u00c7all\u0131 C.\u00a0 \u201cBilateral fractures of the vestibulae of the temporal bone causing severe vertigo\u201d. <\/span><em style=\"font-size: inherit;\">International Medical Image Registry,<\/em><span style=\"font-size: inherit;\"> 1996;2(5):101-102<\/span><\/span><\/li>\n<li style=\"text-align: justify;\"><span style=\"color: #000000;\"><strong style=\"font-size: inherit;\">G\u00fcnhan I<\/strong><span style=\"font-size: inherit;\">, Katranc\u0131 N, \u00c7all\u0131 C, Demirpolat G, \u015eener RN. \u201cJoubert\u2019s Syndrome: MR imaging findings.\u201d <\/span><em style=\"font-size: inherit;\">Turkish Journal of Medical Sciences<\/em><span style=\"font-size: inherit;\">, 1995;25:305-306<\/span><\/span><\/li>\n<li style=\"text-align: justify;\"><span style=\"color: #000000;\"><strong style=\"font-size: inherit;\">G\u00fcnhan I<\/strong><span style=\"font-size: inherit;\">, \u00c7all\u0131 C, Sa\u011fta\u015f E, K\u0131smal\u0131 E, \u015eener RN. \u201cScattered cerebral edema in uremic encephalopathy: CT and MR imaging demonstration.\u201d <\/span><em style=\"font-size: inherit;\">Turkish Journal of Medical Sciences,<\/em><span style=\"font-size: inherit;\"> 1995;25:213-215<\/span><\/span><\/li>\n<li style=\"text-align: justify;\"><span style=\"color: #000000;\">Oyar O, Kalayc\u0131o\u011flu S, <strong style=\"font-size: inherit;\">G\u00fcnhan I<\/strong><span style=\"font-size: inherit;\">, Oran \u0130, \u015eener RN. \u201cPostnatal developmental process of the corpus callosum: MRI evaluation.\u201d <\/span><em style=\"font-size: inherit;\">Turkish Journal of Medical Sciences<\/em><span style=\"font-size: inherit;\">, 1995;25:129-132<\/span><\/span><\/li>\n<li style=\"text-align: justify;\"><span style=\"color: #000000;\">Oran \u0130, Katranc\u0131 N, \u00d6zener V, <strong style=\"font-size: inherit;\">G\u00fcnhan I<\/strong><span style=\"font-size: inherit;\">, K\u00f6seo\u011flu K, \u015eener RN. \u201cGyral calcifications due to tuberculosis.\u201d <\/span><em style=\"font-size: inherit;\">Turkish Journal of Medical Sciences<\/em><span style=\"font-size: inherit;\">, 1995;24:67-68<\/span><\/span><\/li>\n<\/ol>\n","protected":false},"excerpt":{"rendered":"<p>G\u00fcnhan\u2013Bilgen I. Breast imaging before and after breast conserving therapy. Turkish Clinics J Radiol- Special Topics 2017;10(3):285-92 G\u00fcnhan\u2013Bilgen I. Radiological-pathological correlation in imaging guided breast biopsies. Turkish Clinics J Med Pathol- Special Topics 2016;1(3):1-4 Sara\u00e7 FZ, G\u00fcnhan-Bilgen I. Association between insulin resistance and breast parenchyma in women with polycystic ovary Syndrome. Turkish Journal of Endocrinology&hellip; <br \/> <a class=\"read-more\" href=\"https:\/\/www.mamo.com.tr\/index.php\/uluslararasi-yayinlar\/\">Devam\u0131<\/a><\/p>\n","protected":false},"author":1,"featured_media":0,"parent":0,"menu_order":0,"comment_status":"closed","ping_status":"closed","template":"","meta":{"footnotes":""},"_links":{"self":[{"href":"https:\/\/www.mamo.com.tr\/index.php\/wp-json\/wp\/v2\/pages\/96"}],"collection":[{"href":"https:\/\/www.mamo.com.tr\/index.php\/wp-json\/wp\/v2\/pages"}],"about":[{"href":"https:\/\/www.mamo.com.tr\/index.php\/wp-json\/wp\/v2\/types\/page"}],"author":[{"embeddable":true,"href":"https:\/\/www.mamo.com.tr\/index.php\/wp-json\/wp\/v2\/users\/1"}],"replies":[{"embeddable":true,"href":"https:\/\/www.mamo.com.tr\/index.php\/wp-json\/wp\/v2\/comments?post=96"}],"version-history":[{"count":10,"href":"https:\/\/www.mamo.com.tr\/index.php\/wp-json\/wp\/v2\/pages\/96\/revisions"}],"predecessor-version":[{"id":484,"href":"https:\/\/www.mamo.com.tr\/index.php\/wp-json\/wp\/v2\/pages\/96\/revisions\/484"}],"wp:attachment":[{"href":"https:\/\/www.mamo.com.tr\/index.php\/wp-json\/wp\/v2\/media?parent=96"}],"curies":[{"name":"wp","href":"https:\/\/api.w.org\/{rel}","templated":true}]}}