{"id":54,"date":"2020-10-26T07:26:13","date_gmt":"2020-10-26T07:26:13","guid":{"rendered":"http:\/\/www.mamo.com.tr\/?page_id=54"},"modified":"2021-09-27T18:36:33","modified_gmt":"2021-09-27T18:36:33","slug":"ozgecmisim","status":"publish","type":"page","link":"https:\/\/www.mamo.com.tr\/index.php\/ozgecmisim\/","title":{"rendered":"\u00d6zge\u00e7mi\u015fim"},"content":{"rendered":"\n<figure class=\"wp-block-image size-large\"><img loading=\"lazy\" decoding=\"async\" width=\"1024\" height=\"680\" src=\"http:\/\/www.mamo.com.tr\/wp-content\/uploads\/2020\/10\/IOG-Ozgecmis_01-1024x680.jpg\" alt=\"\" class=\"wp-image-55\" srcset=\"https:\/\/www.mamo.com.tr\/wp-content\/uploads\/2020\/10\/IOG-Ozgecmis_01-1024x680.jpg 1024w, https:\/\/www.mamo.com.tr\/wp-content\/uploads\/2020\/10\/IOG-Ozgecmis_01-300x199.jpg 300w, https:\/\/www.mamo.com.tr\/wp-content\/uploads\/2020\/10\/IOG-Ozgecmis_01-768x510.jpg 768w, https:\/\/www.mamo.com.tr\/wp-content\/uploads\/2020\/10\/IOG-Ozgecmis_01-1536x1020.jpg 1536w, https:\/\/www.mamo.com.tr\/wp-content\/uploads\/2020\/10\/IOG-Ozgecmis_01-1626x1080.jpg 1626w, https:\/\/www.mamo.com.tr\/wp-content\/uploads\/2020\/10\/IOG-Ozgecmis_01.jpg 1920w\" sizes=\"(max-width: 1024px) 100vw, 1024px\" \/><\/figure>\n\n\n<p style=\"text-align: justify;\"><span style=\"color: #000000;\"><strong>Prof. Dr. I\u015f\u0131l G\u00dcNHAN B\u0130LGEN<\/strong><\/span><\/p>\n<p style=\"text-align: justify;\"><span style=\"color: #000000;\">1969 y\u0131l\u0131nda \u0130zmir\u2019de do\u011fdum. Orta ve lise e\u011fitimimi \u0130zmir Amerikan Koleji\u2019nde tamamlad\u0131m. <\/span><\/p>\n<p style=\"text-align: justify;\"><span style=\"color: #000000;\">1987 y\u0131l\u0131nda \u00fcniversite giri\u015f s\u0131navlar\u0131nda T\u00fcrkiye 63.s\u00fc oldum ve Ege \u00dcniversitesi T\u0131p Fak\u00fcltesi\u2019ni ikincilikle kazand\u0131m. Ege \u00dcniversitesi T\u0131p Fak\u00fcltesi\u2019nden 1993 y\u0131l\u0131nda birincilikle mezun oldum. Ayn\u0131 y\u0131l \u201cUnited States Medical Licensing Examination\u201d (USMLE) s\u0131nav\u0131na girerek Amerika Birle\u015fik Devletleri\u2019nde hekimlik yapma ve uzmanl\u0131k e\u011fitimi alma hakk\u0131n\u0131 elde ettim. Yine 1993 y\u0131l\u0131nda girdi\u011fim \u201cT\u0131pta Uzmanl\u0131k S\u0131nav\u0131\u201dn\u0131 (TUS) kazanarak Ege \u00dcniversitesi T\u0131p Fak\u00fcltesi Radyoloji Anabilim Dal\u0131\u2019nda ihtisasa ba\u015flad\u0131m. <\/span><\/p>\n<p style=\"text-align: justify;\"><span style=\"color: #000000;\">Uzmanl\u0131k e\u011fitimimi Ege \u00dcniversitesi T\u0131p Fak\u00fcltesi Radyoloji Anabilim Dal\u0131\u2019nda 1993-1997 y\u0131llar\u0131 aras\u0131nda tamamlad\u0131ktan sonra, ayn\u0131 Anabilim Dal\u0131\u2019nda uzman olarak \u00e7al\u0131\u015fmaya ba\u015flad\u0131m. Y\u0131ll\u0131k izinlerimde; Wisconsin \u00dcniversitesi T\u0131p Fak\u00fcltesi Radyoloji Anabilim Dal\u0131\u2019nda (1997) ve Mayo Clinic \u2013 Rochester Radyoloji Departman\u0131nda (1998) meme g\u00f6r\u00fcnt\u00fcleme \u00fczerine \u00e7al\u0131\u015ft\u0131m. <\/span><\/p>\n<p style=\"text-align: justify;\"><span style=\"color: #000000;\">2003 y\u0131l\u0131nda Radyoloji Do\u00e7enti, ve 2009 y\u0131l\u0131nda da Radyoloji Profes\u00f6r\u00fc \u00fcnvan\u0131n\u0131 ald\u0131m. <\/span><\/p>\n<p style=\"text-align: justify;\"><span style=\"color: #000000;\">1993 y\u0131l\u0131nda ba\u015flad\u0131\u011f\u0131m Ege \u00dcniversitesi Radyoloji Anabilim Dal\u0131\u2019ndaki g\u00f6revimden 2020 y\u0131l\u0131 ba\u015f\u0131nda kendi iste\u011fim ile erken emekli olarak ayr\u0131ld\u0131m. Halen, Eyl\u00fcl 2020\u2019de a\u00e7t\u0131\u011f\u0131m MAMO T\u0131bbi G\u00f6r\u00fcnt\u00fcleme Merkezi\u2019nde hastalar\u0131ma hizmet veriyorum. <\/span><\/p>\n<p style=\"text-align: justify;\"><span style=\"color: #000000;\">1995 y\u0131l\u0131ndan itibaren Ege \u00dcniversitesi T\u0131p Fak\u00fcltesi Radyoloji Anabilim Dal\u0131\u2019n\u0131n Mamografi \u00dcnitesi\u2019nde, ana ilgi alan\u0131m olan meme hastal\u0131klar\u0131n\u0131n radyolojik g\u00f6r\u00fcnt\u00fclemesi \u00fczerine g\u00f6rev yapt\u0131m. Memenin radyolojik g\u00f6r\u00fcnt\u00fclenmesi alan\u0131nda \u00e7al\u0131\u015ft\u0131\u011f\u0131m bu 25 y\u0131ll\u0131k s\u00fcre i\u00e7erisinde, meme hastal\u0131klar\u0131n\u0131n te\u015fhisi konusunda yo\u011fun akademik \u00e7al\u0131\u015fmalar\u0131m oldu. Meme hastal\u0131klar\u0131n\u0131n radyolojik g\u00f6r\u00fcnt\u00fclenmesi konusunda, 40\u2019\u0131 uluslararas\u0131, 18\u2019i ulusal olmak \u00fczere toplam 58 yay\u0131nlanm\u0131\u015f bilimsel makalem; 7\u2019si uluslararas\u0131 ve 50\u2019si ulusal olmak \u00fczere toplam 57 kongre, sempozyum, panel ve kursta davetli konu\u015fmam; 30\u2019u uluslararas\u0131, 101\u2019i ulusal kongrelerde sunulmu\u015f toplam 131 bilimsel bildirim; 12 kitap b\u00f6l\u00fcm\u00fc yazarl\u0131\u011f\u0131m mevcuttur. 18 uluslararas\u0131 dergide hakem olarak g\u00f6rev yapt\u0131m. Meme radyolojisi hakk\u0131nda yay\u0131nlanm\u0131\u015f makalelerim 1500\u2019den fazla uluslararas\u0131 kitap ve yay\u0131nda kaynak olarak g\u00f6sterildi. <\/span><\/p>\n<p style=\"text-align: justify;\"><span style=\"color: #000000;\">Radyoloji alan\u0131nda en prestijli bilimsel dergi olan \u201cRadiology\u201d dergisinde yay\u0131nlanan \u201cInflammatory breast carcinoma: mammographic, ultrasonographic, clinical, and pathologic findings in 142 cases\u201d ba\u015fl\u0131kl\u0131 ara\u015ft\u0131rma ile 2003 y\u0131l\u0131nda \u201cPhilips Radyoloji \u00d6d\u00fcl\u00fc\u201d ikincili\u011fini kazand\u0131m. <\/span><br \/><span style=\"color: #000000;\">T\u00fcrk Tabipler Birli\u011fi \u2013 \u0130zmir Tabip Odas\u0131, Avrupa Radyoloji Derne\u011fi, T\u00fcrk Radyoloji Derne\u011fi ve \u0130zmir Meme Hastal\u0131klar\u0131 Derne\u011fine \u00fcyeyim. T\u00fcrk Radyoloji Derne\u011fi Meme alt \u00e7al\u0131\u015fma grubunda g\u00f6rev yapmaktay\u0131m. <\/span><\/p>\n<p style=\"text-align: justify;\"><span style=\"color: #000000;\">\u0130ngilizce, Frans\u0131zca ve Almanca konu\u015fuyorum. Kulak-Burun-Bo\u011faz Hastal\u0131klar\u0131 uzman\u0131 olan Prof. Dr. Cem Bilgen ile evliyim ve iki k\u0131z annesiyim.<\/span><\/p>\n\n\n<p><\/p>\n","protected":false},"excerpt":{"rendered":"<p>Prof. Dr. I\u015f\u0131l G\u00dcNHAN B\u0130LGEN 1969 y\u0131l\u0131nda \u0130zmir\u2019de do\u011fdum. Orta ve lise e\u011fitimimi \u0130zmir Amerikan Koleji\u2019nde tamamlad\u0131m. 1987 y\u0131l\u0131nda \u00fcniversite giri\u015f s\u0131navlar\u0131nda T\u00fcrkiye 63.s\u00fc oldum ve Ege \u00dcniversitesi T\u0131p Fak\u00fcltesi\u2019ni ikincilikle kazand\u0131m. Ege \u00dcniversitesi T\u0131p Fak\u00fcltesi\u2019nden 1993 y\u0131l\u0131nda birincilikle mezun oldum. Ayn\u0131 y\u0131l \u201cUnited States Medical Licensing Examination\u201d (USMLE) s\u0131nav\u0131na girerek Amerika Birle\u015fik Devletleri\u2019nde hekimlik&hellip; <br \/> <a class=\"read-more\" href=\"https:\/\/www.mamo.com.tr\/index.php\/ozgecmisim\/\">Devam\u0131<\/a><\/p>\n","protected":false},"author":1,"featured_media":0,"parent":0,"menu_order":0,"comment_status":"closed","ping_status":"closed","template":"","meta":{"footnotes":""},"_links":{"self":[{"href":"https:\/\/www.mamo.com.tr\/index.php\/wp-json\/wp\/v2\/pages\/54"}],"collection":[{"href":"https:\/\/www.mamo.com.tr\/index.php\/wp-json\/wp\/v2\/pages"}],"about":[{"href":"https:\/\/www.mamo.com.tr\/index.php\/wp-json\/wp\/v2\/types\/page"}],"author":[{"embeddable":true,"href":"https:\/\/www.mamo.com.tr\/index.php\/wp-json\/wp\/v2\/users\/1"}],"replies":[{"embeddable":true,"href":"https:\/\/www.mamo.com.tr\/index.php\/wp-json\/wp\/v2\/comments?post=54"}],"version-history":[{"count":14,"href":"https:\/\/www.mamo.com.tr\/index.php\/wp-json\/wp\/v2\/pages\/54\/revisions"}],"predecessor-version":[{"id":478,"href":"https:\/\/www.mamo.com.tr\/index.php\/wp-json\/wp\/v2\/pages\/54\/revisions\/478"}],"wp:attachment":[{"href":"https:\/\/www.mamo.com.tr\/index.php\/wp-json\/wp\/v2\/media?parent=54"}],"curies":[{"name":"wp","href":"https:\/\/api.w.org\/{rel}","templated":true}]}}