{"id":2,"date":"2020-10-14T10:25:40","date_gmt":"2020-10-14T10:25:40","guid":{"rendered":"http:\/\/www.mamo.com.tr\/?page_id=2"},"modified":"2021-09-27T18:49:18","modified_gmt":"2021-09-27T18:49:18","slug":"sample-page","status":"publish","type":"page","link":"https:\/\/www.mamo.com.tr\/index.php\/sample-page\/","title":{"rendered":"\u0130leti\u015fim"},"content":{"rendered":"\n<p><\/p>\n\n\n<p><span style=\"color: #000000;\"><strong>MAMO Meme G\u00f6r\u00fcnt\u00fcleme Merkezi<\/strong><\/span><br \/><span style=\"color: #000000;\"><strong>Telefon:<\/strong> 0 (232) 464 94 94<\/span><br \/><span style=\"color: #000000;\"><strong>E-mail:<\/strong> bilgi@mamo.com.tr<\/span><br \/><span style=\"color: #000000;\"><strong>Adres<\/strong>: Talatpa\u015fa Bulvar\u0131 Akg\u00fcn Apt. No: 35 Kat: 5 Alsancak-\u0130ZM\u0130R<\/span><\/p>\n<p>\u00a0<\/p>","protected":false},"excerpt":{"rendered":"<p>MAMO Meme G\u00f6r\u00fcnt\u00fcleme MerkeziTelefon: 0 (232) 464 94 94E-mail: bilgi@mamo.com.trAdres: Talatpa\u015fa Bulvar\u0131 Akg\u00fcn Apt. No: 35 Kat: 5 Alsancak-\u0130ZM\u0130R \u00a0<\/p>\n","protected":false},"author":1,"featured_media":0,"parent":0,"menu_order":0,"comment_status":"closed","ping_status":"open","template":"","meta":{"footnotes":""},"_links":{"self":[{"href":"https:\/\/www.mamo.com.tr\/index.php\/wp-json\/wp\/v2\/pages\/2"}],"collection":[{"href":"https:\/\/www.mamo.com.tr\/index.php\/wp-json\/wp\/v2\/pages"}],"about":[{"href":"https:\/\/www.mamo.com.tr\/index.php\/wp-json\/wp\/v2\/types\/page"}],"author":[{"embeddable":true,"href":"https:\/\/www.mamo.com.tr\/index.php\/wp-json\/wp\/v2\/users\/1"}],"replies":[{"embeddable":true,"href":"https:\/\/www.mamo.com.tr\/index.php\/wp-json\/wp\/v2\/comments?post=2"}],"version-history":[{"count":10,"href":"https:\/\/www.mamo.com.tr\/index.php\/wp-json\/wp\/v2\/pages\/2\/revisions"}],"predecessor-version":[{"id":488,"href":"https:\/\/www.mamo.com.tr\/index.php\/wp-json\/wp\/v2\/pages\/2\/revisions\/488"}],"wp:attachment":[{"href":"https:\/\/www.mamo.com.tr\/index.php\/wp-json\/wp\/v2\/media?parent=2"}],"curies":[{"name":"wp","href":"https:\/\/api.w.org\/{rel}","templated":true}]}}