{"id":179,"date":"2020-10-26T13:09:56","date_gmt":"2020-10-26T13:09:56","guid":{"rendered":"http:\/\/www.mamo.com.tr\/index.php\/mesmerize\/"},"modified":"2021-09-27T18:53:52","modified_gmt":"2021-09-27T18:53:52","slug":"mesmerize","status":"publish","type":"page","link":"https:\/\/www.mamo.com.tr\/","title":{"rendered":"Front Page"},"content":{"rendered":"<div  data-label=\"About\" data-id=\"about--1\" data-export-id=\"about-9\" data-category=\"about\" class=\"about-9 content-section content-section-spacing\" id=\"about-1\" style=\"background-color: rgb(255, 255, 255);\"><div  class=\"gridContainer\"> <div  class=\"row middle-sm text-center\"><div  class=\"col-sm-5 space-bottom-xs content-column content-right-sm\" data-type=\"column\">  <h2  class=\"\">Merhaba<\/h2> <p  class=\"\">Meme g\u00f6r\u00fcnt\u00fcleme y\u00f6ntemleri alan\u0131nda 25 y\u0131ll\u0131k yurti\u00e7i ve yurtd\u0131\u015f\u0131 deneyimlerimle, hastalar\u0131ma faydal\u0131 olmak i\u00e7in emek verdi\u011fim Ege \u00dcniversitesi T\u0131p Fak\u00fcltesi Radyoloji Anabilim Dal\u0131\u2019ndan 2020 y\u0131l\u0131n\u0131n ba\u015f\u0131nda emekli olarak ayr\u0131ld\u0131m\u2026<\/p> <a class=\"button color1\" href=\"http:\/\/mamo.com.tr\/index.php\/merhaba\" target=\"_self\" data-cp-link=\"1\" rel=\"noopener noreferrer\">Devam\u0131<\/a><\/div> <div  class=\"col-sm-7 flexbox flexbox middle-xs center-xs space-bottom-xs\"><div  class=\"overlay-box flexbox middle-xs center-xs overlay-holder \"> <div  class=\"overlay-box-offset offset-background shadow-medium bg-color2 hide-xs\"><\/div> <img decoding=\"async\"  class=\"flexbox shadow-large img1\" src=\"http:\/\/www.mamo.com.tr\/wp-content\/uploads\/2020\/10\/cropped-Merhaba-1.jpg\" data-size=\"600x400\" alt=\"\" title=\"cropped-Merhaba-1.jpg\"><\/div> <\/div><\/div> <\/div><\/div><div  data-label=\"Portfolio\" data-id=\"portfolio--1\" data-export-id=\"portfolio-5\" data-category=\"portfolio\" class=\"portfolio-5 content-section content-section-spacing\" id=\"portfolio-1\" style=\"background-color: rgb(245, 250, 253);\"><div  class=\"gridContainer\"> <div  class=\"row text-center\"><div  class=\"section-title-col\" data-type=\"column\"> <h2  class=\"\">Hizmetlerimiz<\/h2> <p  class=\"lead\">MAMO Meme G\u00f6r\u00fcnt\u00fcleme Merkezi\u2019nde verilen hizmetler ile ilgili detayl\u0131 bilgiyi a\u015fa\u011f\u0131daki b\u00f6l\u00fcmde bulabilirsiniz.<\/p><\/div> <\/div> <div  class=\"row space-bottom spaced-cols center-sm\" data-type=\"row\">  <div  class=\"col-xs-12 col-sm-4 text-center col-md-2\"> <div  class=\"card no-padding bordered\"> <div  data-hover-fx=\"portfolio-6\" class=\"contentswap-effect\"> <div  class=\"initial-image\"> <img decoding=\"async\"  data-size=\"500x333\" src=\"https:\/\/www.mamo.com.tr\/wp-content\/uploads\/2020\/10\/cropped-mamografi-1024x768-1-1.jpg\"><\/div> <div  class=\"overlay bg-color6\"><\/div> <div  class=\"swap-inner col-xs-12\"> <div  class=\"row full-height-row middle-xs middle-sm\"> <div  class=\"col-xs-12 text-center content-holder\"> <a class=\"button small color2\" href=\"https:\/\/www.mamo.com.tr\/index.php\/tomosentez-dijital-mamografi-ffdm\" target=\"_self\" data-cp-link=\"1\" rel=\"noopener noreferrer\">Detayl\u0131 Bilgi<\/a><\/div> <\/div><\/div> <\/div> <div  class=\"col-xs-12\"> <div  class=\"space-bottom space-top\" data-type=\"column\"> <h6  class=\"\">Tomosentez \u2013 Dijital Mamografi (FFDM)<\/h6> <\/div> <\/div><\/div> <\/div><div  class=\"col-xs-12 col-sm-4 text-center col-md-2 \"> <div  class=\"card no-padding bordered\"> <div  data-hover-fx=\"portfolio-6\" class=\"contentswap-effect\"> <div  class=\"initial-image\"> <img decoding=\"async\"  data-size=\"500x333\" src=\"https:\/\/www.mamo.com.tr\/wp-content\/uploads\/2020\/10\/cropped-Ultrasonografi-1024x768-1.jpg\"><\/div> <div  class=\"overlay bg-color6\"><\/div> <div  class=\"swap-inner col-xs-12\"> <div  class=\"row full-height-row middle-xs middle-sm\"> <div  class=\"col-xs-12 text-center content-holder\"> <a class=\"button small color2\" href=\"https:\/\/www.mamo.com.tr\/index.php\/ultrasonografi\" target=\"_self\" data-cp-link=\"1\" rel=\"noopener noreferrer\">Detayl\u0131 Bilgi<\/a><\/div> <\/div><\/div> <\/div> <div  class=\"col-xs-12\"> <div  class=\"space-bottom space-top\" data-type=\"column\"> <h5  class=\"\">Ultra \u2013 sonografi<\/h5> <\/div> <\/div><\/div> <\/div> <div  class=\"col-xs-12 col-sm-4 text-center col-md-2 \"> <div  class=\"card no-padding bordered\"> <div  data-hover-fx=\"portfolio-6\" class=\"contentswap-effect\"> <div  class=\"initial-image\"> <img decoding=\"async\"  data-size=\"500x333\" src=\"https:\/\/www.mamo.com.tr\/wp-content\/uploads\/2020\/10\/cropped-Dansitometri-1024x768-1.jpg\"><\/div> <div  class=\"overlay bg-color6\"><\/div> <div  class=\"swap-inner col-xs-12\"> <div  class=\"row full-height-row middle-xs middle-sm\"> <div  class=\"col-xs-12 text-center content-holder\"> <a class=\"button small color2\" href=\"https:\/\/www.mamo.com.tr\/index.php\/kemik-dansitometri\" target=\"_self\" data-cp-link=\"1\" rel=\"noopener noreferrer\">Detayl\u0131 Bilgi<\/a><\/div> <\/div><\/div> <\/div> <div  class=\"col-xs-12\"> <div  class=\"space-bottom space-top\" data-type=\"column\"> <h5  class=\"\">Kemik Dansitometri<\/h5> <\/div> <\/div><\/div> <\/div><div  class=\"col-xs-12 col-sm-4 text-center col-md-2 \"> <div  class=\"card no-padding bordered\"> <div  data-hover-fx=\"portfolio-6\" class=\"contentswap-effect\"> <div  class=\"initial-image\"> <img decoding=\"async\"  data-size=\"500x333\" src=\"https:\/\/www.mamo.com.tr\/wp-content\/uploads\/2020\/10\/cropped-Biyopsi.jpg\"><\/div> <div  class=\"overlay bg-color6\"><\/div> <div  class=\"swap-inner col-xs-12\"> <div  class=\"row full-height-row middle-xs middle-sm\"> <div  class=\"col-xs-12 text-center content-holder\"> <a class=\"button small color2\" href=\"https:\/\/www.mamo.com.tr\/index.php\/meme-biyopsi-uygulamalari\" target=\"_self\" data-cp-link=\"1\" rel=\"noopener noreferrer\">Detayl\u0131 Bilgi<\/a><\/div> <\/div><\/div> <\/div> <div  class=\"col-xs-12\"> <div  class=\"space-bottom space-top\" data-type=\"column\"> <h5  class=\"\">Meme Biyopsi Uygulamalar\u0131<\/h5> <\/div> <\/div><\/div> <\/div><div  class=\"col-xs-12 col-sm-4 text-center col-md-2 \"> <div  class=\"card no-padding bordered\"> <div  data-hover-fx=\"portfolio-6\" class=\"contentswap-effect\"> <div  class=\"initial-image\"> <img decoding=\"async\"  data-size=\"500x333\" src=\"https:\/\/www.mamo.com.tr\/wp-content\/uploads\/2020\/10\/cropped-konsultasyonn.png\"><\/div> <div  class=\"overlay bg-color6\"><\/div> <div  class=\"swap-inner col-xs-12\"> <div  class=\"row full-height-row middle-xs middle-sm\"> <div  class=\"col-xs-12 text-center content-holder\"> <a class=\"button small color2\" href=\"https:\/\/www.mamo.com.tr\/index.php\/konsultasyon\" target=\"_self\" data-cp-link=\"1\" rel=\"noopener noreferrer\">Detayl\u0131 Bilgi<\/a><\/div> <\/div><\/div> <\/div> <div  class=\"col-xs-12\"> <div  class=\"space-bottom space-top\" data-type=\"column\"> <h5  class=\"\">Kons\u00fcltasyon<\/h5> <\/div> <\/div><\/div> <\/div><\/div> <div  class=\"row\"><div  data-type=\"column\" class=\"col-xs-12 text-center\"><h3  class=\"\">www.mamo.com.tr<\/h3> <\/div> <\/div><\/div> <\/div><div  data-label=\"Cta\" data-id=\"cta--1\" data-export-id=\"cta-blue-section\" data-category=\"cta\" class=\"cta-blue-section content-section content-section-spacing-medium bg-color1 white-text\" id=\"cta-1\"><div  class=\"gridContainer\"> <div  class=\"row middle-xs\"><div  class=\"col-sm-8 space-bottom-xs\" data-type=\"column\"> <h2  class=\"\"><span  style=\"font-weight: 300;\">\u00c7al\u0131\u015fma Saatlerimiz<\/span><\/h2> <h3  class=\"\">Pazartesi \u2013 Cuma: 09.00 \u2013 18.00<br >Cumartesi: 09.00 \u2013 15.00&nbsp;<\/h3><\/div> <div  class=\"col-sm-4 end-sm\" data-type=\"column\"> <a class=\"button color2\" href=\"https:\/\/goo.gl\/maps\/BH9FnmkZJusY9eDU8\" target=\"_self\" data-cp-link=\"1\" rel=\"noopener noreferrer\">HAR\u0130TAYA ULA\u015eMAK \u0130\u00c7\u0130N TIKLAYINIZ<\/a><\/div> <\/div><\/div> <\/div>","protected":false},"excerpt":{"rendered":"<p>Merhaba Meme g\u00f6r\u00fcnt\u00fcleme y\u00f6ntemleri alan\u0131nda 25 y\u0131ll\u0131k yurti\u00e7i ve yurtd\u0131\u015f\u0131 deneyimlerimle, hastalar\u0131ma faydal\u0131 olmak i\u00e7in emek verdi\u011fim Ege \u00dcniversitesi T\u0131p Fak\u00fcltesi Radyoloji Anabilim Dal\u0131\u2019ndan 2020 y\u0131l\u0131n\u0131n ba\u015f\u0131nda emekli olarak ayr\u0131ld\u0131m\u2026 Devam\u0131 Hizmetlerimiz MAMO Meme G\u00f6r\u00fcnt\u00fcleme Merkezi\u2019nde verilen hizmetler ile ilgili detayl\u0131 bilgiyi a\u015fa\u011f\u0131daki b\u00f6l\u00fcmde bulabilirsiniz. Detayl\u0131 Bilgi Tomosentez \u2013 Dijital Mamografi (FFDM) Detayl\u0131 Bilgi Ultra&hellip; <br \/> <a class=\"read-more\" href=\"https:\/\/www.mamo.com.tr\/\">Devam\u0131<\/a><\/p>\n","protected":false},"author":1,"featured_media":0,"parent":0,"menu_order":0,"comment_status":"closed","ping_status":"closed","template":"page-templates\/homepage.php","meta":{"footnotes":""},"_links":{"self":[{"href":"https:\/\/www.mamo.com.tr\/index.php\/wp-json\/wp\/v2\/pages\/179"}],"collection":[{"href":"https:\/\/www.mamo.com.tr\/index.php\/wp-json\/wp\/v2\/pages"}],"about":[{"href":"https:\/\/www.mamo.com.tr\/index.php\/wp-json\/wp\/v2\/types\/page"}],"author":[{"embeddable":true,"href":"https:\/\/www.mamo.com.tr\/index.php\/wp-json\/wp\/v2\/users\/1"}],"replies":[{"embeddable":true,"href":"https:\/\/www.mamo.com.tr\/index.php\/wp-json\/wp\/v2\/comments?post=179"}],"version-history":[{"count":42,"href":"https:\/\/www.mamo.com.tr\/index.php\/wp-json\/wp\/v2\/pages\/179\/revisions"}],"predecessor-version":[{"id":493,"href":"https:\/\/www.mamo.com.tr\/index.php\/wp-json\/wp\/v2\/pages\/179\/revisions\/493"}],"wp:attachment":[{"href":"https:\/\/www.mamo.com.tr\/index.php\/wp-json\/wp\/v2\/media?parent=179"}],"curies":[{"name":"wp","href":"https:\/\/api.w.org\/{rel}","templated":true}]}}