{"id":125,"date":"2020-10-26T09:39:56","date_gmt":"2020-10-26T09:39:56","guid":{"rendered":"http:\/\/www.mamo.com.tr\/?page_id=125"},"modified":"2021-09-27T18:47:28","modified_gmt":"2021-09-27T18:47:28","slug":"yayin-kurulu-ve-hakemlik","status":"publish","type":"page","link":"https:\/\/www.mamo.com.tr\/index.php\/yayin-kurulu-ve-hakemlik\/","title":{"rendered":"Yay\u0131n Kurulu ve Hakemlik"},"content":{"rendered":"<p style=\"text-align: justify;\"><span style=\"color: #000000;\"><strong>\u00a0<\/strong><strong>Yay\u0131n kurulu \u00fcyeliklerim:<\/strong><\/span><\/p>\n<ol>\n<li style=\"text-align: justify;\"><span style=\"color: #000000;\">World Journal of Radiology (2009- 2013)<\/span><\/li>\n<li style=\"text-align: justify;\"><span style=\"color: #000000;\">International Journal of Radiology (2013, 2014, 2015)<\/span><\/li>\n<li style=\"text-align: justify;\"><span style=\"color: #000000;\">The Open Access of Science and Technology (2014)<\/span><\/li>\n<li style=\"text-align: justify;\"><span style=\"color: #000000;\">World Journal of Breast Cancer Research (2017)<\/span><\/li>\n<\/ol>\n<p style=\"text-align: justify;\"><span style=\"color: #000000;\"><strong> Hakem olarak g\u00f6rev ald\u0131\u011f\u0131m bilimsel dergiler:<\/strong><\/span><\/p>\n<ol>\n<li style=\"text-align: justify;\"><span style=\"color: #000000;\">European Radiology (1999, 2000, 2001, 2014, 2015, 2016, 2017, 2018, 2019, 2020)<\/span><\/li>\n<li style=\"text-align: justify;\"><span style=\"color: #000000;\">T\u00fcrk Tan\u0131sal ve Giri\u015fimsel Radyoloji Dergisi (2003, 2011, 2012)<\/span><\/li>\n<li style=\"text-align: justify;\"><span style=\"color: #000000;\">Kahramanmara\u015f S\u00fct\u00e7\u00fc \u0130mam \u00dcniversitesi T\u0131p Fak\u00fcltesi Dergisi (2004)<\/span><\/li>\n<li style=\"text-align: justify;\"><span style=\"color: #000000;\">Diagnostic and Interventional Radiology Journal (2005, 2006, 2009 , 2011, 2012, 2016, 2017)<\/span><\/li>\n<li style=\"text-align: justify;\"><span style=\"color: #000000;\"><strong>5<\/strong>. Indian Journal of Cancer (2008)<\/span><\/li>\n<li style=\"text-align: justify;\"><span style=\"color: #000000;\">Archives of Gynecology and Obstetrics (2009, 2011, 2012)<\/span><\/li>\n<li style=\"text-align: justify;\"><span style=\"color: #000000;\">World Journal of Radiology (2011,2012)<\/span><\/li>\n<li style=\"text-align: justify;\"><span style=\"color: #000000;\">Indian Journal of Radiology and Imaging (2011,2012)<\/span><\/li>\n<li style=\"text-align: justify;\"><span style=\"color: #000000;\">Clinics and Practice (2011, 2012)<\/span><\/li>\n<li style=\"text-align: justify;\"><span style=\"color: #000000;\">Journal of Cancer Science and Therapy (2012)<\/span><\/li>\n<li style=\"text-align: justify;\"><span style=\"color: #000000;\">World Journal of Surgical Oncology (WJSO) (2014, 2016)<\/span><\/li>\n<li style=\"text-align: justify;\"><span style=\"color: #000000;\">CMIR-MS (2016, 2017)<\/span><\/li>\n<li style=\"text-align: justify;\"><span style=\"color: #000000;\">Cancer Group (Advances in Cancer Prevention) (2016, 2017)<\/span><\/li>\n<li style=\"text-align: justify;\"><span style=\"color: #000000;\">World Journal of Clinical Oncology (2014, 2018)<\/span><\/li>\n<li style=\"text-align: justify;\"><span style=\"color: #000000;\">Scientific World Journal (2014)<\/span><\/li>\n<li style=\"text-align: justify;\"><span style=\"color: #000000;\">Cancer Group (2016, 2017)<\/span><\/li>\n<li style=\"text-align: justify;\"><span style=\"color: #000000;\">Journal of Histology and Histopatholgy (2017)<\/span><\/li>\n<li style=\"text-align: justify;\"><span style=\"color: #000000;\">Current Medical Imaging Reviews (2017)<\/span><\/li>\n<\/ol>\n<ol id=\"block-2c26f2ee-488a-4716-b2de-7ee5f3f4fb5f\" class=\"block-editor-rich-text__editable block-editor-block-list__block wp-block is-selected rich-text\" tabindex=\"0\" role=\"group\" contenteditable=\"true\" aria-multiline=\"true\" aria-label=\"Blok: Liste\" data-block=\"2c26f2ee-488a-4716-b2de-7ee5f3f4fb5f\" data-type=\"core\/list\" data-title=\"Liste\"><\/ol>\n","protected":false},"excerpt":{"rendered":"<p>\u00a0Yay\u0131n kurulu \u00fcyeliklerim: World Journal of Radiology (2009- 2013) International Journal of Radiology (2013, 2014, 2015) The Open Access of Science and Technology (2014) World Journal of Breast Cancer Research (2017) Hakem olarak g\u00f6rev ald\u0131\u011f\u0131m bilimsel dergiler: European Radiology (1999, 2000, 2001, 2014, 2015, 2016, 2017, 2018, 2019, 2020) T\u00fcrk Tan\u0131sal ve Giri\u015fimsel Radyoloji Dergisi&hellip; <br \/> <a class=\"read-more\" href=\"https:\/\/www.mamo.com.tr\/index.php\/yayin-kurulu-ve-hakemlik\/\">Devam\u0131<\/a><\/p>\n","protected":false},"author":1,"featured_media":0,"parent":0,"menu_order":0,"comment_status":"closed","ping_status":"closed","template":"","meta":{"footnotes":""},"_links":{"self":[{"href":"https:\/\/www.mamo.com.tr\/index.php\/wp-json\/wp\/v2\/pages\/125"}],"collection":[{"href":"https:\/\/www.mamo.com.tr\/index.php\/wp-json\/wp\/v2\/pages"}],"about":[{"href":"https:\/\/www.mamo.com.tr\/index.php\/wp-json\/wp\/v2\/types\/page"}],"author":[{"embeddable":true,"href":"https:\/\/www.mamo.com.tr\/index.php\/wp-json\/wp\/v2\/users\/1"}],"replies":[{"embeddable":true,"href":"https:\/\/www.mamo.com.tr\/index.php\/wp-json\/wp\/v2\/comments?post=125"}],"version-history":[{"count":6,"href":"https:\/\/www.mamo.com.tr\/index.php\/wp-json\/wp\/v2\/pages\/125\/revisions"}],"predecessor-version":[{"id":486,"href":"https:\/\/www.mamo.com.tr\/index.php\/wp-json\/wp\/v2\/pages\/125\/revisions\/486"}],"wp:attachment":[{"href":"https:\/\/www.mamo.com.tr\/index.php\/wp-json\/wp\/v2\/media?parent=125"}],"curies":[{"name":"wp","href":"https:\/\/api.w.org\/{rel}","templated":true}]}}