{"id":123,"date":"2020-10-26T09:39:06","date_gmt":"2020-10-26T09:39:06","guid":{"rendered":"http:\/\/www.mamo.com.tr\/?page_id=123"},"modified":"2021-09-27T17:42:11","modified_gmt":"2021-09-27T17:42:11","slug":"davetli-konusmalarim","status":"publish","type":"page","link":"https:\/\/www.mamo.com.tr\/index.php\/davetli-konusmalarim\/","title":{"rendered":"Davetli Konu\u015fmalar\u0131m"},"content":{"rendered":"<p style=\"text-align: justify;\"><span style=\"color: #000000;\"><strong>DAVETL\u0130 KONU\u015eMALARIM:<\/strong><\/span><\/p>\n<p style=\"text-align: justify;\"><span style=\"color: #000000;\"><strong>Uluslararas\u0131 Toplant\u0131larda Davet Edildi\u011fim Konu\u015fmalar\u0131m:<\/strong><\/span><\/p>\n<ol>\n<li style=\"text-align: justify;\"><span style=\"color: #000000;\">\u201cNovelties in the radiological diagnosis and staging of breast cancer\u2019\u2019 <em>New Targets in Cancer Therapy, Scientific Meeting of Dokuz Eyl\u00fcl University Institute of Oncology. <\/em>17-19 May\u0131s 2006, \u0130zmir<\/span><\/li>\n<li style=\"text-align: justify;\"><span style=\"color: #000000;\">\u201cBreast US in screening: issues and controversies\u201d. <em style=\"font-size: inherit;\">1st International Symposium on Breast Imaging<\/em><span style=\"font-size: inherit;\">. 19-21 May\u0131s 2006, Ankara<\/span><\/span><\/li>\n<li style=\"text-align: justify;\"><span style=\"color: #000000;\">\u201cClinical outcomes in our practices\u201d. <em style=\"font-size: inherit;\">1st International Symposium on Breast Imaging<\/em><span style=\"font-size: inherit;\">. 19-21 May\u0131s 2006, Ankara<\/span><\/span><\/li>\n<li style=\"text-align: justify;\"><span style=\"color: #000000;\">\u201cMammography screening test \u2013 Workshop\u201d . <em style=\"font-size: inherit;\">1st International Symposium on Breast Imaging<\/em><span style=\"font-size: inherit;\">. 19-21 May\u0131s 2006, Ankara<\/span><\/span><\/li>\n<li style=\"text-align: justify;\"><span style=\"color: #000000;\">\u201cNovelties in mammography\u201d. <em style=\"font-size: inherit;\">7th Congress of the Balkan Union of Oncology. <\/em><span style=\"font-size: inherit;\">15-19 Ekim 2008, Ku\u015fadas\u0131<\/span><\/span><\/li>\n<li style=\"text-align: justify;\"><span style=\"color: #000000;\">\u201cThe role of ultrasound in premalignant and benign lesions\u201d. <em style=\"font-size: inherit;\">European Congress of Radiology (ECR)<\/em><span style=\"font-size: inherit;\">, 3-7. March.2011, Viyana.<\/span><\/span><\/li>\n<li style=\"text-align: justify;\"><span style=\"color: #000000;\">\u201cImaging after breast conserving surgery\u201d <em style=\"font-size: inherit;\">3rd Breast Cancer Conference<\/em><span style=\"font-size: inherit;\">, 11-13.October.2018, \u0130stanbul<\/span><\/span><\/li>\n<\/ol>\n<p style=\"text-align: justify;\"><span style=\"color: #000000;\"><strong>Ulusal Toplant\u0131larda Davet Edildi\u011fim Konu\u015fmalar\u0131m:<\/strong><\/span><\/p>\n<ol>\n<li><span style=\"color: #000000;\">\u201cMeme kanseri tedavisinden sonra ortaya \u00e7\u0131kan akci\u011fer kanseri\u201d. <em>Akci\u011fer Kanseri Radyolojisi Sempozyumu<\/em>.30-31 Mart 2002, \u0130zmir.<\/span><\/li>\n<li style=\"text-align: justify;\"><span style=\"color: #000000;\">\u201cMamografi Fizi\u011fi\u201d. <em style=\"font-size: inherit;\">T\u00fcrk Radyoloji Derne\u011fi \u0130zmir \u015eubesi E\u011fitim Sempozyumlar\u0131<\/em><span style=\"font-size: inherit;\">. 18-19 Aral\u0131k 2004, \u0130zmir<\/span><\/span><\/li>\n<li style=\"text-align: justify;\"><span style=\"color: #000000;\">\u201cMemenin post-operatif g\u00f6r\u00fcnt\u00fclenmesi\u201d. <em style=\"font-size: inherit;\">VIII. Ulusal Meme Hastal\u0131klar\u0131 Kongresi<\/em><span style=\"font-size: inherit;\">. 21-24 Eyl\u00fcl 2005, \u0130stanbul.<\/span><\/span><\/li>\n<li style=\"text-align: justify;\"><span style=\"color: #000000;\"><strong style=\"font-size: inherit;\">\u201c<\/strong><span style=\"font-size: inherit;\">Mamografik tarama testi &#8211; Workshop\/Meme g\u00f6r\u00fcnt\u00fclemesi\u201d. <\/span><em style=\"font-size: inherit;\">26. Ulusal Radyoloji Kongresi<\/em><span style=\"font-size: inherit;\">, 26-30 Ekim 2005, Antalya<\/span><\/span><\/li>\n<li style=\"text-align: justify;\"><span style=\"color: #000000;\"><strong>\u201c<\/strong>Meme ultrasonografisinde tuzaklar ve yan\u0131lg\u0131lar\u201d. <em>27. Ulusal Radyoloji Kongresi<\/em>, Ekim 2006, Antalya<\/span><\/li>\n<li style=\"text-align: justify;\"><span style=\"color: #000000;\">\u201cMamografide g\u00f6r\u00fcnt\u00fc kalitesi\u201d. <em style=\"font-size: inherit;\"> Ulusal Radyoloji Kongresi<\/em><span style=\"font-size: inherit;\">, Ekim 2006, Antalya<\/span><\/span><\/li>\n<li style=\"text-align: justify;\"><span style=\"color: #000000;\">\u201cMamografi taramalar\u0131\u201d. <em style=\"font-size: inherit;\">\u0130zmir Atat\u00fcrk E\u011fitim ve Ara\u015ft\u0131rma Hastanesi birinci basamakta \u00e7al\u0131\u015fan hekimlere y\u00f6nelik e\u011fitim program\u0131<\/em><span style=\"font-size: inherit;\">, 11 Ocak 2008, \u0130zmir<\/span><\/span><\/li>\n<li style=\"text-align: justify;\"><span style=\"color: #000000;\">\u201cY\u00fcksek riskli olgu tan\u0131m\u0131, yakla\u015f\u0131m ve tarama \u00f6nerileri\u201d. <em style=\"font-size: inherit;\">Ulusal Meme G\u00f6r\u00fcnt\u00fcleme Sempozyumu<\/em><span style=\"font-size: inherit;\">, 3-4 May\u0131s 2008, Ankara<\/span><\/span><\/li>\n<li style=\"text-align: justify;\"><span style=\"color: #000000;\">\u201cAksillada lenf bezi ile gelen olgular\u201d. <em style=\"font-size: inherit;\">Ulusal Meme G\u00f6r\u00fcnt\u00fcleme Sempozyumu<\/em><span style=\"font-size: inherit;\">, 3-4 May\u0131s 2008, Ankara<\/span><\/span><\/li>\n<li style=\"text-align: justify;\"><span style=\"color: #000000;\">\u201cTarama testi &#8211; Workshop\u201d. <em style=\"font-size: inherit;\">Ulusal Meme G\u00f6r\u00fcnt\u00fcleme Sempozyumu<\/em><span style=\"font-size: inherit;\">, 3-4 May\u0131s 2008, Ankara<\/span><\/span><\/li>\n<li style=\"text-align: justify;\"><span style=\"color: #000000;\">\u201cInsitu duktal karsinom\u201d. <em style=\"font-size: inherit;\">\u0130stanbul Meme Kanseri Konferans\u0131 ve Ulusal Meme Kanseri Konsensus Toplant\u0131s\u0131 \u201d<\/em><span style=\"font-size: inherit;\">, 21-25 Ekim 2008, \u0130stanbul<\/span><\/span><\/li>\n<li style=\"text-align: justify;\"><span style=\"color: #000000;\">\u201cMemede i\u011fne biyopsileri Uygulamal\u0131- \u00c7al\u0131\u015ftay\u201d. <em style=\"font-size: inherit;\">29. Ulusal Radyoloji Kongresi<\/em><span style=\"font-size: inherit;\">, 1-5 Kas\u0131m 2008, Antalya<\/span><\/span><\/li>\n<li style=\"text-align: justify;\"><span style=\"color: #000000;\">\u201cMeme kitlelerinde mamografik de\u011ferlendirme\u201d. <em style=\"font-size: inherit;\">Memede G\u00f6r\u00fcnt\u00fcleme Kursu- TRD, \u0130zmir \u015eubesi, <\/em><span style=\"font-size: inherit;\">22 Kas\u0131m 2008, \u0130zmir<\/span><\/span><\/li>\n<li style=\"text-align: justify;\"><span style=\"color: #000000;\">\u201cDi\u011fer lezyonlar (asimetri, yap\u0131sal distorsiyon)\u201d. <em style=\"font-size: inherit;\">Memede G\u00f6r\u00fcnt\u00fcleme Kursu- TRD, \u0130zmir \u015eubesi, <\/em><span style=\"font-size: inherit;\">22 Kas\u0131m 2008, \u0130zmir<\/span><\/span><\/li>\n<li style=\"text-align: justify;\"><span style=\"color: #000000;\">\u201cMeme kanseri ve radyoloji\u201d. <em style=\"font-size: inherit;\">Kanser Haftas\u0131 Etkinlikleri, <\/em><span style=\"font-size: inherit;\">9 Nisan 2009, Ayd\u0131n<\/span><\/span><\/li>\n<li style=\"text-align: justify;\"><span style=\"color: #000000;\">\u201cMeme kanserinde tan\u0131 y\u00f6ntemleri ve tan\u0131 basamaklar\u0131\u201d. <em style=\"font-size: inherit;\">Meme Hastal\u0131klar\u0131 Tan\u0131 ve Tedavisinde Mezuniyet Sonras\u0131 Temel E\u011fitim Program\u0131<\/em><span style=\"font-size: inherit;\">, 13 Haziran 2009, \u0130zmir<\/span><\/span><\/li>\n<li style=\"text-align: justify;\"><span style=\"color: #000000;\">\u201cMeme koruyucu cerrahi tedavisinden \u00f6nce radyolojik g\u00f6r\u00fcnt\u00fcleme\u201d <strong style=\"font-size: inherit;\"><em>. <\/em><\/strong><strong style=\"font-size: inherit;\"><em>\u0130stanbul Meme Kanseri Konsens\u00fcs Toplant\u0131s\u0131, <\/em><\/strong><span style=\"font-size: inherit;\">30 Eyl\u00fcl- 3 Ekim 2010, \u0130stanbul<\/span><\/span><\/li>\n<li style=\"text-align: justify;\"><span style=\"color: #000000;\">\u2018\u2019US\u2019de tuzak ve yan\u0131lg\u0131lar\u201d. <em style=\"font-size: inherit;\">Olgudan Tan\u0131ya Mamografi ve Ultrasonografi Sempozyumu,<\/em><span style=\"font-size: inherit;\"> TRD \u0130stanbul \u015eubesi, 3. Haziran.2011, Edirne<\/span><\/span><\/li>\n<li style=\"text-align: justify;\"><span style=\"color: #000000;\">\u201cMemenin inflamatuar patolojileri\u201d. <em style=\"font-size: inherit;\">Olgudan Tan\u0131ya Mamografi ve Ultrasonografi Sempozyumu,<\/em><span style=\"font-size: inherit;\"> TRD \u0130stanbul \u015eubesi, 3. Haziran.2011, Edirne<\/span><\/span><\/li>\n<li style=\"text-align: justify;\"><span style=\"color: #000000;\">\u201cLokal ileri meme kanserinde MR g\u00f6r\u00fcnt\u00fcleme y\u00f6ntemi ve cevap de\u011ferlendirmesi\u201d. <em style=\"font-size: inherit;\">11. Ulusal Meme Hastal\u0131klar\u0131 Kongresi<\/em><span style=\"font-size: inherit;\">, 5-9 Ekim 2011, Antalya<\/span><\/span><\/li>\n<li style=\"text-align: justify;\"><span style=\"color: #000000;\">\u201cMamografide daha iyi teknik ve doz azalt\u0131m\u0131\u201d. <em style=\"font-size: inherit;\"> Ulusal Radyoloji Kongresi,<\/em><span style=\"font-size: inherit;\"> 28 Ekim-2 Kas\u0131m 2011, Antalya<\/span><\/span><\/li>\n<li style=\"text-align: justify;\"><span style=\"color: #000000;\"><strong style=\"font-size: inherit;\">\u201c<\/strong><span style=\"font-size: inherit;\">Meme kanseri tan\u0131 ve tedavisinde multidisipliner yakla\u015f\u0131m; kim ne bekliyor, kim ne yap\u0131yor ? . <\/span><em style=\"font-size: inherit;\">18. Ulusal Cerrahi Kongresi<\/em><span style=\"font-size: inherit;\">, 23-27 May\u0131s 2012, \u0130zmir<\/span><\/span><\/li>\n<li style=\"text-align: justify;\"><span style=\"color: #000000;\">\u201cMemede kitleye yakla\u015f\u0131m\u201d <em style=\"font-size: inherit;\">18. Ulusal Cerrahi Kongresi<\/em><span style=\"font-size: inherit;\">, 23-27 May\u0131s 2012, \u0130zmir<\/span><\/span><\/li>\n<li style=\"text-align: justify;\"><span style=\"color: #000000;\">\u201cLokal ileri meme kanseri\u201d. <em style=\"font-size: inherit;\">\u0130zmir Meme Hastal\u0131klar\u0131 Derne\u011fi Ayl\u0131k Bilimsel Toplant\u0131s\u0131<\/em><span style=\"font-size: inherit;\">. 10 May\u0131s 2012, \u0130zmir<\/span><\/span><\/li>\n<li style=\"text-align: justify;\"><span style=\"color: #000000;\">\u201cUS de\u011ferlendirme: Nas\u0131l yap\u0131yorum?\u201d. <em style=\"font-size: inherit;\">3. Ulusal Meme Radyolojisi Sempozyumu<\/em><span style=\"font-size: inherit;\">, 5-6 May\u0131s 2012, \u0130stanbul<\/span><\/span><\/li>\n<li style=\"text-align: justify;\"><span style=\"color: #000000;\">\u201cUS\u2019de prekanser\u00f6z ve benign lezyonlarda bulgular\u201d. <em style=\"font-size: inherit;\">3. Ulusal Meme Radyolojisi Sempozyumu,<\/em><span style=\"font-size: inherit;\"> 5-6 May\u0131s 2012, \u0130stanbul<\/span><\/span><\/li>\n<li style=\"text-align: justify;\"><span style=\"color: #000000;\">\u201cMeme kanseri ve tan\u0131 y\u00f6ntemleri\u201d Lokman Hekim Esnaf Hastanesi, 6 Ocak 2012, Fethiye<\/span><\/li>\n<li style=\"text-align: justify;\"><span style=\"color: #000000;\">\u201cUS e\u015fli\u011finde biyopsi ve tel i\u015faretleme\u201d (Workshop) <em style=\"font-size: inherit;\">3. Ulusal Meme Radyolojisi<\/em><span style=\"font-size: inherit;\"> Sempozyumu, 5-6 May\u0131s 2012, \u0130stanbul<\/span><\/span><\/li>\n<li style=\"text-align: justify;\"><span style=\"color: #000000;\">\u201cMamografi ile tel i\u015faretleme ve stereotaksik biyopsi tekni\u011fi\u201d (Workshop) <em style=\"font-size: inherit;\">3. Ulusal Meme Radyolojisi Sempozyumu<\/em><span style=\"font-size: inherit;\">, 5-6 May\u0131s 2012, \u0130stanbul<\/span><\/span><\/li>\n<li style=\"text-align: justify;\"><span style=\"color: #000000;\">\u201cAksillan\u0131n de\u011ferlendirilmesi\u201d <em style=\"font-size: inherit;\">33. Ulusal Radyoloji Kongresi<\/em><span style=\"font-size: inherit;\">, 7-11 Kas\u0131m 2012, Antalya<\/span><\/span><\/li>\n<li style=\"text-align: justify;\"><span style=\"color: #000000;\">\u201cSelim meme hastal\u0131klar\u0131nda g\u00f6r\u00fcnt\u00fcleme\u201d <em style=\"font-size: inherit;\">\u0130zmir Meme Hastal\u0131klar\u0131 Derne\u011fi Mezuniyet Sonras\u0131 E\u011fitim Semineri<\/em><span style=\"font-size: inherit;\">, 2 Mart 2013, \u0130zmir<\/span><\/span><\/li>\n<li style=\"text-align: justify;\"><span style=\"color: #000000;\">\u201cMemede giri\u015fimsel i\u015flemler \u2013 i\u015faretleme\u201d <em style=\"font-size: inherit;\">12. Ulusal Meme Hastal\u0131klar\u0131 Kongresi, <\/em><span style=\"font-size: inherit;\">24-27 Ekim 2013, Antalya<\/span><\/span><\/li>\n<li style=\"text-align: justify;\"><span style=\"color: #000000;\">\u201cMamografide kitle lezyon tan\u0131mlamas\u0131 ve BIRADS\u201d. <em>4. Ulusal Meme Radyolojisi Sempozyumu<\/em>, 2-4 May\u0131s.2014, Ankara<\/span><\/li>\n<li style=\"text-align: justify;\"><span style=\"color: #000000;\">\u201cMeme Biyopsi Uygulamalar\u0131 \u2013 Workshop\u201d. <em>4. Ulusal Meme Radyolojisi Sempozyumu<\/em>, 2-4 May\u0131s.2014, Ankara<\/span><\/li>\n<li style=\"text-align: justify;\"><span style=\"color: #000000;\">\u201cMeme kanseri tedavisinde radyolo\u011fun rol\u00fc \u2013 Multimodaliter yakla\u015f\u0131m\u201d. <em>TRD \u0130zmir \u015eubesi E\u011fitim Toplant\u0131s\u0131 Kad\u0131n G\u00f6r\u00fcnt\u00fcleme Sempozyumu<\/em>. 29.Mart.2014, \u0130zmir<\/span><\/li>\n<li style=\"text-align: justify;\"><span style=\"color: #000000;\">\u201cMamografi tekni\u011fi\u201d. <em>KETEM \u00c7al\u0131\u015fanlar\u0131 \u0130\u00e7in E\u011fitim Kursu<\/em>, 22.Ekim.2014, \u0130zmir<\/span><\/li>\n<li style=\"text-align: justify;\"><span style=\"color: #000000;\">\u201cMamografide pozisyonlama\u201d. <em>KETEM \u00c7al\u0131\u015fanlar\u0131 \u0130\u00e7in E\u011fitim Kursu,<\/em> 2.Ekim.2014, \u0130zmir<\/span><\/li>\n<li style=\"text-align: justify;\"><span style=\"color: #000000;\">\u201cUS\u2019de hatalar \u00f6nlemler\u201d. <em>35. Ulusal Radyoloji Kongresi<\/em>, 11-16. Kas\u0131m.2014, Antalya<\/span><\/li>\n<li style=\"text-align: justify;\"><span style=\"color: #000000;\">\u201cLob\u00fcler Neoplazi: G\u00f6r\u00fcnt\u00fcleme bulgular\u0131 ve perkutan biyopsi sonras\u0131 radyolojik izlem stratejileri\u201d. <em>13. Ulusal Meme Hastal\u0131klar\u0131 Kongresi<\/em>, 21-25.Ekim.2015, Antalya<\/span><\/li>\n<li style=\"text-align: justify;\"><span style=\"color: #000000;\"><strong>\u201c<\/strong>Memenin hematolojik ve di\u011fer nadir rastlanan t\u00fcm\u00f6rleri\u201d<strong> ,<\/strong> <em>5.Ulusal Meme Radyolojisi Sempozyumu,<\/em> 8-10 Nisan 2016, Ankara<\/span><\/li>\n<li style=\"text-align: justify;\"><span style=\"color: #000000;\"><strong> \u201c<\/strong>Olgularla kalitenin \u00f6nemi- De\u011ferlendirme a\u00e7\u0131s\u0131nda\u201d<strong> , <\/strong><em>5.Ulusal Meme Radyolojisi Sempozyumu<\/em>, 8-10 Nisan 2016, Ankara<\/span><\/li>\n<li style=\"text-align: justify;\"><span style=\"color: #000000;\"><strong> \u201c<\/strong>Meme kanserinde erken tan\u0131 ve tarama\u201d , <em>\u0130zmir Meme Hastal\u0131klar\u0131 Derne\u011fi Kanser Fark\u0131ndal\u0131k Haftas\u0131 Etkinlikleri<\/em>, 12.Ekim.2016, \u0130zmir<\/span><\/li>\n<li style=\"text-align: justify;\"><span style=\"color: #000000;\"><strong> \u201c<\/strong>Erken evre meme kanserine multidisipliner yakla\u015f\u0131mda radyoloji<strong>\u201d, <\/strong><em>\u0130zmir Meme Hastal\u0131klar\u0131 Derne\u011fi E\u011fitim Toplant\u0131s\u0131<\/em>, 10.Kas\u0131m.2016 , \u0130zmir<\/span><\/li>\n<li style=\"text-align: justify;\"><span style=\"color: #000000;\"><strong> \u201c<\/strong>Opere hastaya yakla\u015f\u0131m<strong>\u201d , <\/strong><em>37.Ulusal Radyoloji Kongresi T\u00dcRKRAD 2016<\/em>, 1-5 Kas\u0131m 2016, Antalya<\/span><\/li>\n<li style=\"text-align: justify;\"><span style=\"color: #000000;\">\u201cDens meme ve y\u00fcksek riskli olgularda tarama ve \u00f6neriler\u201d. <em>Meme G\u00f6r\u00fcnt\u00fclemede G\u00fcncel Yakla\u015f\u0131mlar Kursu, TRD \u0130zmir \u015eube ve \u0130zmir Meme Hastal\u0131klar\u0131 Derne\u011fi Toplant\u0131s\u0131<\/em>, 25.Mart.2017, \u0130zmir<\/span><\/li>\n<li style=\"text-align: justify;\"><span style=\"color: #000000;\">\u201cUS\u2019de yeni g\u00f6r\u00fcnt\u00fcleme teknikleri\u201d. <em>14. Ulusal Meme Hastal\u0131klar\u0131 Kongresi<\/em>, 19-22.Ekim.2017, Antalya<\/span><\/li>\n<li style=\"text-align: justify;\"><span style=\"color: #000000;\">\u201cMeme kanseri tan\u0131s\u0131nda radyoloji\u201d. <em>\u0130zmir Meme Hastal\u0131klar\u0131 Derne\u011fi Kanser Fark\u0131ndal\u0131k Haftas\u0131 Etkinlikleri<\/em>, 12.Ekim.2017, \u0130zmir<\/span><\/li>\n<li style=\"text-align: justify;\"><span style=\"color: #000000;\">\u201cMeme Kitlelerine G\u00fcncel Yakla\u015f\u0131mlar\u201d <em>\u0130zmir Meme Hastal\u0131klar\u0131 Derne\u011fi Bilimsel Toplant\u0131lar\u0131<\/em>, 8.Mart.2018, \u0130zmir<\/span><\/li>\n<li style=\"text-align: justify;\"><span style=\"color: #000000;\">\u201dBIRADS 3\u2019de ne yap\u0131yorum?\u201d\u00a0\u00a0 <em style=\"font-size: inherit;\">6. Meme Radyolojisi Sempozyumu<\/em><span style=\"font-size: inherit;\">, 26-29. Nisan.2018, \u0130stanbul<\/span><\/span><\/li>\n<li style=\"text-align: justify;\"><span style=\"color: #000000;\">\u201cAsemptomatik kad\u0131nda g\u00f6r\u00fcnt\u00fcleme anomalileri\u201d <em>Selim Meme Hastal\u0131klar\u0131 Sempozyumu<\/em>. 20.Eyl\u00fcl.2019, \u0130zmir<\/span><\/li>\n<\/ol>\n","protected":false},"excerpt":{"rendered":"<p>DAVETL\u0130 KONU\u015eMALARIM: Uluslararas\u0131 Toplant\u0131larda Davet Edildi\u011fim Konu\u015fmalar\u0131m: \u201cNovelties in the radiological diagnosis and staging of breast cancer\u2019\u2019 New Targets in Cancer Therapy, Scientific Meeting of Dokuz Eyl\u00fcl University Institute of Oncology. 17-19 May\u0131s 2006, \u0130zmir \u201cBreast US in screening: issues and controversies\u201d. 1st International Symposium on Breast Imaging. 19-21 May\u0131s 2006, Ankara \u201cClinical outcomes in&hellip; <br \/> <a class=\"read-more\" href=\"https:\/\/www.mamo.com.tr\/index.php\/davetli-konusmalarim\/\">Devam\u0131<\/a><\/p>\n","protected":false},"author":1,"featured_media":0,"parent":0,"menu_order":0,"comment_status":"closed","ping_status":"closed","template":"","meta":{"footnotes":""},"_links":{"self":[{"href":"https:\/\/www.mamo.com.tr\/index.php\/wp-json\/wp\/v2\/pages\/123"}],"collection":[{"href":"https:\/\/www.mamo.com.tr\/index.php\/wp-json\/wp\/v2\/pages"}],"about":[{"href":"https:\/\/www.mamo.com.tr\/index.php\/wp-json\/wp\/v2\/types\/page"}],"author":[{"embeddable":true,"href":"https:\/\/www.mamo.com.tr\/index.php\/wp-json\/wp\/v2\/users\/1"}],"replies":[{"embeddable":true,"href":"https:\/\/www.mamo.com.tr\/index.php\/wp-json\/wp\/v2\/comments?post=123"}],"version-history":[{"count":5,"href":"https:\/\/www.mamo.com.tr\/index.php\/wp-json\/wp\/v2\/pages\/123\/revisions"}],"predecessor-version":[{"id":458,"href":"https:\/\/www.mamo.com.tr\/index.php\/wp-json\/wp\/v2\/pages\/123\/revisions\/458"}],"wp:attachment":[{"href":"https:\/\/www.mamo.com.tr\/index.php\/wp-json\/wp\/v2\/media?parent=123"}],"curies":[{"name":"wp","href":"https:\/\/api.w.org\/{rel}","templated":true}]}}