{"id":119,"date":"2020-10-26T09:36:31","date_gmt":"2020-10-26T09:36:31","guid":{"rendered":"http:\/\/www.mamo.com.tr\/?page_id=119"},"modified":"2021-09-27T18:29:58","modified_gmt":"2021-09-27T18:29:58","slug":"kitap-bolumleri","status":"publish","type":"page","link":"https:\/\/www.mamo.com.tr\/index.php\/kitap-bolumleri\/","title":{"rendered":"Kitap B\u00f6l\u00fcmleri"},"content":{"rendered":"<p><span style=\"color: #000000;\"><strong>K\u0130TAP B\u00d6L\u00dcMLER\u0130M:<\/strong><\/span><\/p>\n<ol>\n<li style=\"text-align: justify;\"><span style=\"color: #000000;\">Argon G, Asan A, Akta\u015f E\u00d6, Ate\u015f H, Ate\u015f Y, Bay\u0131k A, Bilgen C, <strong>G\u00fcnhan<\/strong> <strong>Bilgen I<\/strong>. Boydak B, \u00c7a\u011f\u0131r\u0131c\u0131 U, \u00c7a\u011fl\u0131 S, \u00c7apac\u0131 K, Erensoy S, Ermertcan \u015e, Erol AS, Ert\u00fcrk M, G\u00f6kmen FG, G\u00fcls\u00fcn A, Hanc\u0131 H, Ho\u015fg\u00f6r M, \u0130\u011fneli MK, \u0130\u015fler N, Karadakovan A, Kayal\u0131o\u011flu G, Kerimo\u011flu C, Ko\u00e7ak A, Koylu EO, Mand\u0131rac\u0131o\u011flu A, Memi\u015f A, \u00d6ner M, \u00d6zacar T, \u00d6zmen E, \u00d6zsoy SA, \u00d6ztekten \u00d6, Pehlivan M, Tu\u011flu \u0130, Y\u0131lmaz B, Zeytino\u011flu A. Temel T\u0131p Terimleri S\u00f6zl\u00fc\u011f\u00fc, ed. F. G\u00f6vsa G\u00f6kmen, G\u00fcven Kitabevi, \u0130zmir, 2001<\/span><\/li>\n<li style=\"text-align: justify;\"><span style=\"color: #000000;\">\u00dcst\u00fcn EE, <strong style=\"font-size: inherit;\">G\u00fcnhan<\/strong> <strong style=\"font-size: inherit;\">Bilgen I<\/strong><span style=\"font-size: inherit;\">. \u201cMeme kanserinde radyolojik tan\u0131 modaliteleri\u201d, Meme Kanseri<\/span><em style=\"font-size: inherit;\">,<\/em><span style=\"font-size: inherit;\"> ed. E.E. \u00dcst\u00fcn, 41-59, Ege \u00dcniversitesi T\u0131p Fak\u00fcltesi Dekanl\u0131\u011f\u0131 Yay\u0131n B\u00fcrosu, \u0130zmir, 2002<\/span><\/span><\/li>\n<li style=\"text-align: justify;\"><span style=\"color: #000000;\"><strong style=\"font-size: inherit;\">G\u00fcnhan-Bilgen I<\/strong><span style=\"font-size: inherit;\">. \u201cMamografi Fizi\u011fi\u201d, Temel Radyoloji Fizi\u011fi, ed. P. Balc\u0131, 41-48, \u0130nan Bas\u0131m, \u0130zmir, 2005<\/span><\/span><\/li>\n<li style=\"text-align: justify;\"><span style=\"color: #000000;\">Kayar R, <strong style=\"font-size: inherit;\">G\u00fcnhan<\/strong> <strong style=\"font-size: inherit;\">Bilgen I<\/strong><span style=\"font-size: inherit;\">, Buylu \u015e, \u00c7atal H, Erku\u015f M, G\u00fcr S, \u015eanl\u0131 U, Yalman D. Meme Bilimi Terimleri, Deha \u00d6zalit Kopyalama Merkezi, \u0130zmir, 2006<\/span><\/span><\/li>\n<li style=\"text-align: justify;\"><span style=\"color: #000000;\">Meme. In: Tan\u0131sal Ultrasonografi, \u00d6zbek SS (\u00c7eviri Edit\u00f6r\u00fc) B\u00f6l\u00fcm 20, sayfa:773-839, G\u00fcne\u015f T\u0131p Kitabevleri 2013, Ankara <em style=\"font-size: inherit;\">(Wilson SR, Withers CE. The Breast. In: Diagnostic Ultrasound, Rumack CM, Wilson SR, Charboneau JW, Levine D (eds) 4th ed., 78-145, Elsevier Limited, Kidlington, UK, 2012).<\/em><span style=\"font-size: inherit;\"> (B\u00f6l\u00fcm \u00c7evirmenli\u011fi)<\/span><\/span><\/li>\n<li style=\"text-align: justify;\"><span style=\"color: #000000;\"><strong style=\"font-size: inherit;\">G\u00fcnhan Bilgen I<\/strong><span style=\"font-size: inherit;\">. Mamografi fizi\u011fi. Temel Radyoloji. ed G\u00fcne\u015f T\u0131p Kitapevi, 2014<\/span><\/span><\/li>\n<li style=\"text-align: justify;\"><span style=\"color: #000000;\"><strong style=\"font-size: inherit;\">G\u00fcnhan Bilgen I. <\/strong><span style=\"font-size: inherit;\">Memenin radyolojik incelemesi. Meme Kanserinde Modern Radyoterapi Uygulamalar\u0131. ed. Haydaro\u011flu A. Ege \u00dcniversitesi Yay\u0131nlar\u0131, Ege \u00dcniversitesi Bas\u0131mevi, 2014<\/span><\/span><\/li>\n<li style=\"text-align: justify;\"><span style=\"color: #000000;\"><strong style=\"font-size: inherit;\">G\u00fcnhan Bilgen I.<\/strong><span style=\"font-size: inherit;\"> Normal meme ve benign meme lezyonlar\u0131: Klinik \u00f6zellikler ve g\u00f6r\u00fcnt\u00fcleme bulgular\u0131. Meme Hastal\u0131klar\u0131nda G\u00f6r\u00fcnt\u00fcleme. edoktay A. Rota T\u0131p Kitapevi, 2014<\/span><\/span><\/li>\n<li style=\"text-align: justify;\"><span style=\"color: #000000;\"><strong style=\"font-size: inherit;\">G\u00fcnhan Bilgen I.<\/strong><span style=\"font-size: inherit;\"> Erkek memesi. Meme Hastal\u0131klar\u0131nda G\u00f6r\u00fcnt\u00fcleme. edoktay A. Rota T\u0131p Kitapevi, 2014<\/span><\/span><\/li>\n<li style=\"text-align: justify;\"><span style=\"color: #000000;\"><strong style=\"font-size: inherit;\">G\u00fcnhan Bilgen I.<\/strong><span style=\"font-size: inherit;\"> Meme kanserinde evreleme. Meme Hastal\u0131klar\u0131nda G\u00f6r\u00fcnt\u00fcleme. edoktay A. Rota T\u0131p Kitapevi, 2014<\/span><\/span><\/li>\n<li style=\"text-align: justify;\"><span style=\"color: #000000;\"><strong style=\"font-size: inherit;\">G\u00fcnhan Bilgen I.<\/strong><span style=\"font-size: inherit;\"> Memenin G\u00f6r\u00fcnt\u00fcleme Y\u00f6ntemleri. Meme Kanseri, Sa\u011fl\u0131\u011f\u0131, Esteti\u011fi Kitab\u0131. ed Emiro\u011flu M, \u00d6zg\u00fcn H. Hatibo\u011flu Yay\u0131nevi, 2018<\/span><\/span><\/li>\n<li style=\"text-align: justify;\"><span style=\"color: #000000;\"><strong style=\"font-size: inherit;\">G\u00fcnhan Bilgen I.<\/strong><span style=\"font-size: inherit;\"> Mamografi, US, MR ve di\u011fer y\u00f6ntemler. Meme Kanseri Hastalar\u0131 i\u00e7in El Kitab\u0131. ed Yeniay L. Ege \u00dcniversitesi Bas\u0131mevi, 2020<\/span><\/span><\/li>\n<\/ol>\n","protected":false},"excerpt":{"rendered":"<p>K\u0130TAP B\u00d6L\u00dcMLER\u0130M: Argon G, Asan A, Akta\u015f E\u00d6, Ate\u015f H, Ate\u015f Y, Bay\u0131k A, Bilgen C, G\u00fcnhan Bilgen I. Boydak B, \u00c7a\u011f\u0131r\u0131c\u0131 U, \u00c7a\u011fl\u0131 S, \u00c7apac\u0131 K, Erensoy S, Ermertcan \u015e, Erol AS, Ert\u00fcrk M, G\u00f6kmen FG, G\u00fcls\u00fcn A, Hanc\u0131 H, Ho\u015fg\u00f6r M, \u0130\u011fneli MK, \u0130\u015fler N, Karadakovan A, Kayal\u0131o\u011flu G, Kerimo\u011flu C, Ko\u00e7ak A,&hellip; <br \/> <a class=\"read-more\" href=\"https:\/\/www.mamo.com.tr\/index.php\/kitap-bolumleri\/\">Devam\u0131<\/a><\/p>\n","protected":false},"author":1,"featured_media":0,"parent":0,"menu_order":0,"comment_status":"closed","ping_status":"closed","template":"","meta":{"footnotes":""},"_links":{"self":[{"href":"https:\/\/www.mamo.com.tr\/index.php\/wp-json\/wp\/v2\/pages\/119"}],"collection":[{"href":"https:\/\/www.mamo.com.tr\/index.php\/wp-json\/wp\/v2\/pages"}],"about":[{"href":"https:\/\/www.mamo.com.tr\/index.php\/wp-json\/wp\/v2\/types\/page"}],"author":[{"embeddable":true,"href":"https:\/\/www.mamo.com.tr\/index.php\/wp-json\/wp\/v2\/users\/1"}],"replies":[{"embeddable":true,"href":"https:\/\/www.mamo.com.tr\/index.php\/wp-json\/wp\/v2\/comments?post=119"}],"version-history":[{"count":3,"href":"https:\/\/www.mamo.com.tr\/index.php\/wp-json\/wp\/v2\/pages\/119\/revisions"}],"predecessor-version":[{"id":472,"href":"https:\/\/www.mamo.com.tr\/index.php\/wp-json\/wp\/v2\/pages\/119\/revisions\/472"}],"wp:attachment":[{"href":"https:\/\/www.mamo.com.tr\/index.php\/wp-json\/wp\/v2\/media?parent=119"}],"curies":[{"name":"wp","href":"https:\/\/api.w.org\/{rel}","templated":true}]}}