{"id":110,"date":"2020-10-26T09:25:48","date_gmt":"2020-10-26T09:25:48","guid":{"rendered":"http:\/\/www.mamo.com.tr\/?page_id=110"},"modified":"2021-09-27T18:42:09","modified_gmt":"2021-09-27T18:42:09","slug":"ulusal-yayinlar","status":"publish","type":"page","link":"https:\/\/www.mamo.com.tr\/index.php\/ulusal-yayinlar\/","title":{"rendered":"Ulusal Yay\u0131nlar"},"content":{"rendered":"<ol>\n<li style=\"text-align: justify;\"><span style=\"color: #000000;\"><strong> G\u00fcnhan-Bilgen I<\/strong>. Meme sonografisinde yeni geli\u015fmeler. <em>T\u00fcrkiye Klinikleri Dahili T\u0131p Bilimleri Radyoloji<\/em> , Meme Radyolojisi \u00d6zel Say\u0131s\u0131 2007:3(44):56-59<\/span><\/li>\n<li style=\"text-align: justify;\"><span style=\"color: #000000;\"><strong style=\"font-size: inherit;\">G\u00fcnhan-Bilgen I<\/strong><span style=\"font-size: inherit;\">, Demirpolat G, Sava\u015f R, Alper H. \u201cBenign kistik ve kaviter akci\u011fer lezyonlar\u0131.\u201d <\/span><em style=\"font-size: inherit;\">Toraks Dergisi<\/em><span style=\"font-size: inherit;\">, 2003;4(1)<\/span><\/span><\/li>\n<li style=\"text-align: justify;\"><span style=\"color: #000000;\"><strong style=\"font-size: inherit;\">G\u00fcnhan-Bilgen I, <\/strong><span style=\"font-size: inherit;\">Sava\u015f R, Alper H. \u201cAtipik lokalizasyonlu pericardial kist. Olgu sunumu.\u201d <\/span><em style=\"font-size: inherit;\">Ege T\u0131p Dergisi<\/em><span style=\"font-size: inherit;\">, 2002;41:177-179<\/span><\/span><\/li>\n<li style=\"text-align: justify;\"><span style=\"color: #000000;\">Demirpolat G, Gemalmaz A, <strong style=\"font-size: inherit;\">G\u00fcnhan-Bilgen I,<\/strong><span style=\"font-size: inherit;\"> Sava\u015f R, \u00c7all\u0131 C, Y\u00fcnten N, Alper H. \u201c3D kontrastl\u0131 toraks MRA.\u201d <\/span><em style=\"font-size: inherit;\">T\u00fcrk Tan\u0131sal ve Giri\u015fimsel Radyoloji Dergisi,2001; <\/em><span style=\"font-size: inherit;\">7:505-512<\/span><\/span><\/li>\n<li style=\"text-align: justify;\"><span style=\"color: #000000;\">\u0130lkg\u00fcl \u00d6, \u0130\u00e7\u00f6z G, Korkut M, Tercan M, <strong style=\"font-size: inherit;\">G\u00fcnhan-Bilgen I,<\/strong><span style=\"font-size: inherit;\"> Elmas N. \u201c\u0130nce barsak lezyonlar\u0131n\u0131n g\u00f6sterilmesinde enteroklizisin yeri.\u201d <\/span><em style=\"font-size: inherit;\">Ege T\u0131p Dergisi<\/em><span style=\"font-size: inherit;\">, 2001;40(2):131-135<\/span><\/span><\/li>\n<li style=\"text-align: justify;\"><span style=\"color: #000000;\"><strong style=\"font-size: inherit;\">G\u00fcnhan-Bilgen I,<\/strong><span style=\"font-size: inherit;\"> \u00dcst\u00fcn E.E, Memi\u015f A. \u201cFilloid tumor: mammografik ve sonografik bulgular ve tedavi sonras\u0131 izlem.\u201d <\/span><em style=\"font-size: inherit;\">T\u00fcrk Tan\u0131sal ve Giri\u015fimsel Radyoloji Dergisi, 2000;<\/em><span style=\"font-size: inherit;\">6:26-30<\/span><\/span><\/li>\n<li style=\"text-align: justify;\"><span style=\"color: #000000;\"><strong style=\"font-size: inherit;\">G\u00fcnhan-Bilgen I,<\/strong><span style=\"font-size: inherit;\"> \u00dcst\u00fcn E.E, Memi\u015f A. \u201cUltrason rehberli\u011finde perkutan galaktografi (olgu sunumu).\u201d <\/span><em style=\"font-size: inherit;\">T\u00fcrk Radyoloji Dergisi, 1999;<\/em><span style=\"font-size: inherit;\">34(3):415-417<\/span><\/span><\/li>\n<li style=\"text-align: justify;\"><span style=\"color: #000000;\"><strong style=\"font-size: inherit;\">G\u00fcnhan-Bilgen I,<\/strong><span style=\"font-size: inherit;\"> \u00dcst\u00fcn E.E, Memi\u015f A. \u201cMemeye metastaz yapan t\u00fcm\u00f6rler: klinik, radyolojik, patolojik \u00f6zellikler.\u201d <\/span><em style=\"font-size: inherit;\">T\u00fcrk Tan\u0131sal ve Giri\u015fimsel Radyoloji Dergisi, 1999;<\/em><span style=\"font-size: inherit;\">5:352-355<\/span><\/span><\/li>\n<li style=\"text-align: justify;\"><span style=\"color: #000000;\">\u00dcst\u00fcn E.E, Memi\u015f A, Arg\u0131n M, <strong style=\"font-size: inherit;\">G\u00fcnhan-Bilgen I , <\/strong><span style=\"font-size: inherit;\">Meydan R. \u201cAksiller lenf nodlar\u0131nda ve memede osteosarkom metastaz\u0131:klinik ve mammografik \u00f6zellikler.\u201d <\/span><em style=\"font-size: inherit;\">T\u00fcrk Radyoloji Dergisi, <\/em><span style=\"font-size: inherit;\">1998;33(2):175-176<\/span><\/span><\/li>\n<li style=\"text-align: justify;\"><span style=\"color: #000000;\">\u00dcst\u00fcn E.E, Memi\u015f A, Arg\u0131n M, Gemalmaz A, <strong style=\"font-size: inherit;\">G\u00fcnhan-Bilgen I<\/strong><span style=\"font-size: inherit;\">. \u201cMeme parankiminde hava: ender bir olgu.\u201d <\/span><em style=\"font-size: inherit;\">T\u00fcrk Radyoloji Dergisi<\/em><span style=\"font-size: inherit;\">, 1998;33(1):32-33<\/span><\/span><\/li>\n<li style=\"text-align: justify;\"><span style=\"color: #000000;\">Yorulmaz \u0130, Durmaz S, <strong style=\"font-size: inherit;\">G\u00fcnhan-Bilgen I<\/strong><span style=\"font-size: inherit;\">, Sa\u011fta\u015f E, \u015eener RN. \u201cDiastematomyelia with a bony septum which contained abundant fatty marrow mimicking a spinal lipoma.\u201d <\/span><em style=\"font-size: inherit;\">Medical Journal of Ege University, <\/em><span style=\"font-size: inherit;\">1998;8:83-84<\/span><\/span><\/li>\n<li style=\"text-align: justify;\"><span style=\"color: #000000;\">Yorulmaz \u0130, Durmaz S, \u00c7all\u0131 C, <strong style=\"font-size: inherit;\">G\u00fcnhan-Bilgen I<\/strong><span style=\"font-size: inherit;\">, \u015eener RN. \u201cMR angiography of abnormal vascular structures in rolandic cortical dysplasia.\u201d <\/span><em style=\"font-size: inherit;\">Medical Journal of Ege University, <\/em><span style=\"font-size: inherit;\">1998;8 (1-2):37-39<\/span><\/span><\/li>\n<li style=\"text-align: justify;\"><span style=\"color: #000000;\">\u00dcst\u00fcn E.E, Arg\u0131n M, <strong style=\"font-size: inherit;\">G\u00fcnhan I<\/strong><span style=\"font-size: inherit;\">, Memi\u015f A. \u201cMeme karsinomunda aksiller lenf bezi kalsifikasyonlar\u0131.\u201d <\/span><em style=\"font-size: inherit;\">T\u00fcrk Tan\u0131sal ve Giri\u015fimsel Radyoloji Dergisi, <\/em><span style=\"font-size: inherit;\">1997;3:391-393<\/span><\/span><\/li>\n<li style=\"text-align: justify;\"><span style=\"color: #000000;\">\u00dcst\u00fcn E.E, Memi\u015f A, <strong style=\"font-size: inherit;\">G\u00fcnhan I<\/strong><span style=\"font-size: inherit;\">, \u00d6zdemir N, Erhan Y, Eldem A. \u201cNonpalpabl ve palpabl meme lezyonlar\u0131nda saptanan atipik duktal hiperplazi: mammografik &#8211; patolojik korelasyon.\u201d <\/span><em style=\"font-size: inherit;\">Meme Hastal\u0131klar\u0131 Dergisi, <\/em><span style=\"font-size: inherit;\">1997;4(3):128-132<\/span><\/span><\/li>\n<li style=\"text-align: justify;\"><span style=\"color: #000000;\"><strong style=\"font-size: inherit;\">G\u00fcnhan I<\/strong><span style=\"font-size: inherit;\">, Memi\u015f A, \u00dcst\u00fcn E.E. \u201cUltrasonografi\u2019nin meme g\u00f6r\u00fcnt\u00fclenmesindeki yeri.\u201d <\/span><em style=\"font-size: inherit;\">Meme Hastal\u0131klar\u0131 Dergisi, <\/em><span style=\"font-size: inherit;\">1997;4(2):54-62<\/span><\/span><\/li>\n<li style=\"text-align: justify;\"><span style=\"color: #000000;\">Oyar O, \u00dcst\u00fcn E.E, \u00d6zp\u0131nar B, Sabah ME, <strong style=\"font-size: inherit;\">G\u00fcnhan I<\/strong><span style=\"font-size: inherit;\">. \u201cUnilateral condylar notch of the temporomandibular joint: MRI and CT diagnosis.\u201d <\/span><em style=\"font-size: inherit;\">Medical Journal of Ege University, <\/em><span style=\"font-size: inherit;\">1996;6(3-4):73-75<\/span><\/span><\/li>\n<li style=\"text-align: justify;\"><span style=\"color: #000000;\">Yalman O, T\u00fct\u00fcnc\u00fc R, <strong style=\"font-size: inherit;\">G\u00fcnhan I<\/strong><span style=\"font-size: inherit;\">, G\u00f6k C, Demirpolat G, \u015eener RN. \u201cKonjenital beyin malformasyonlar\u0131n\u0131n tan\u0131s\u0131nda MRG ve BT\u2019nin yeri.\u201d <\/span><em style=\"font-size: inherit;\">T\u00fcrk Radyoloji Dergisi, <\/em><span style=\"font-size: inherit;\">1996;1: 86-90<\/span><\/span><\/li>\n<li style=\"text-align: justify;\"><span style=\"color: #000000;\">\u00dcst\u00fcn E.E, Memi\u015f A, <strong style=\"font-size: inherit;\">G\u00fcnhan<\/strong><strong style=\"font-size: inherit;\"> I.<\/strong><span style=\"font-size: inherit;\"> \u201cMammografi ile saptanan ve i\u015faretlenen nonpalpabl kanserler.\u201d <\/span><em style=\"font-size: inherit;\">T\u00fcrk Radyoloji Dergisi, <\/em><span style=\"font-size: inherit;\">1996;1:44-48<\/span><\/span><\/li>\n<\/ol>\n","protected":false},"excerpt":{"rendered":"<p>G\u00fcnhan-Bilgen I. Meme sonografisinde yeni geli\u015fmeler. T\u00fcrkiye Klinikleri Dahili T\u0131p Bilimleri Radyoloji , Meme Radyolojisi \u00d6zel Say\u0131s\u0131 2007:3(44):56-59 G\u00fcnhan-Bilgen I, Demirpolat G, Sava\u015f R, Alper H. \u201cBenign kistik ve kaviter akci\u011fer lezyonlar\u0131.\u201d Toraks Dergisi, 2003;4(1) G\u00fcnhan-Bilgen I, Sava\u015f R, Alper H. \u201cAtipik lokalizasyonlu pericardial kist. Olgu sunumu.\u201d Ege T\u0131p Dergisi, 2002;41:177-179 Demirpolat G, Gemalmaz A,&hellip; <br \/> <a class=\"read-more\" href=\"https:\/\/www.mamo.com.tr\/index.php\/ulusal-yayinlar\/\">Devam\u0131<\/a><\/p>\n","protected":false},"author":1,"featured_media":0,"parent":0,"menu_order":0,"comment_status":"closed","ping_status":"closed","template":"","meta":{"footnotes":""},"_links":{"self":[{"href":"https:\/\/www.mamo.com.tr\/index.php\/wp-json\/wp\/v2\/pages\/110"}],"collection":[{"href":"https:\/\/www.mamo.com.tr\/index.php\/wp-json\/wp\/v2\/pages"}],"about":[{"href":"https:\/\/www.mamo.com.tr\/index.php\/wp-json\/wp\/v2\/types\/page"}],"author":[{"embeddable":true,"href":"https:\/\/www.mamo.com.tr\/index.php\/wp-json\/wp\/v2\/users\/1"}],"replies":[{"embeddable":true,"href":"https:\/\/www.mamo.com.tr\/index.php\/wp-json\/wp\/v2\/comments?post=110"}],"version-history":[{"count":7,"href":"https:\/\/www.mamo.com.tr\/index.php\/wp-json\/wp\/v2\/pages\/110\/revisions"}],"predecessor-version":[{"id":483,"href":"https:\/\/www.mamo.com.tr\/index.php\/wp-json\/wp\/v2\/pages\/110\/revisions\/483"}],"wp:attachment":[{"href":"https:\/\/www.mamo.com.tr\/index.php\/wp-json\/wp\/v2\/media?parent=110"}],"curies":[{"name":"wp","href":"https:\/\/api.w.org\/{rel}","templated":true}]}}